{"id":218,"date":"2025-05-09T13:17:53","date_gmt":"2025-05-09T13:17:53","guid":{"rendered":"https:\/\/vhugo.im-nomade.com\/?page_id=218"},"modified":"2025-08-11T16:08:38","modified_gmt":"2025-08-11T16:08:38","slug":"une-histoire-exceptionnelle","status":"publish","type":"page","link":"https:\/\/wwwvhugo.dev2.mlfmonde.org\/en\/une-histoire-exceptionnelle\/","title":{"rendered":"Une histoire exceptionnelle"},"content":{"rendered":"<div data-elementor-type=\"wp-page\" data-elementor-id=\"218\" class=\"elementor elementor-218\" data-elementor-post-type=\"page\">\n\t\t\t\t<div class=\"elementor-element elementor-element-1f2c4c7 e-flex e-con-boxed e-con e-parent\" data-id=\"1f2c4c7\" data-element_type=\"container\" data-e-type=\"container\">\n\t\t\t\t\t<div class=\"e-con-inner\">\n\t\t<div class=\"elementor-element elementor-element-97ad6c3 e-con-full e-flex e-con e-child\" data-id=\"97ad6c3\" data-element_type=\"container\" data-e-type=\"container\">\n\t\t<div class=\"elementor-element elementor-element-bcc59be e-con-full e-flex e-con e-child\" data-id=\"bcc59be\" data-element_type=\"container\" data-e-type=\"container\">\n\t\t\t\t<div class=\"elementor-element elementor-element-a37e506 elementor-widget elementor-widget-text-editor\" data-id=\"a37e506\" data-element_type=\"widget\" data-e-type=\"widget\" data-widget_type=\"text-editor.default\">\n\t\t\t\t\t\t\t\t\t<p>Le palazzo Venturi Ginori a \u00e9t\u00e9 construit en 1498 par Bernardo Rucellai sur des terrains appartenant \u00e0 sa femme Nannina M\u00e9dicis.<\/p><p>En 1459, Cosme de M\u00e9dicis fonda l\u2019Acad\u00e9mie n\u00e9oplatonicienne qui s\u2019installa dans le palais. Nicolas Machiavel, Jacopo Nardi et le pape L\u00e9on X ont fait partie de cette acad\u00e9mie. Machiavel y pr\u00e9senta ses discours.<\/p>\t\t\t\t\t\t\t\t<\/div>\n\t\t\t\t<\/div>\n\t\t<div class=\"elementor-element elementor-element-cf6998e e-con-full e-flex e-con e-child\" data-id=\"cf6998e\" data-element_type=\"container\" data-e-type=\"container\">\n\t\t\t\t<div class=\"elementor-element elementor-element-d629b6e elementor-widget elementor-widget-image\" data-id=\"d629b6e\" data-element_type=\"widget\" data-e-type=\"widget\" data-widget_type=\"image.default\">\n\t\t\t\t\t\t\t\t\t\t\t\t\t\t\t<img fetchpriority=\"high\" decoding=\"async\" width=\"800\" height=\"714\" src=\"https:\/\/wwwvhugo.dev2.mlfmonde.org\/wp-content\/uploads\/2025\/05\/DSC_1926-1300x1160-1-1024x914.jpg\" class=\"attachment-large size-large wp-image-271\" alt=\"\" srcset=\"https:\/\/wwwvhugo.dev2.mlfmonde.org\/wp-content\/uploads\/2025\/05\/DSC_1926-1300x1160-1-1024x914.jpg 1024w, https:\/\/wwwvhugo.dev2.mlfmonde.org\/wp-content\/uploads\/2025\/05\/DSC_1926-1300x1160-1-300x268.jpg 300w, https:\/\/wwwvhugo.dev2.mlfmonde.org\/wp-content\/uploads\/2025\/05\/DSC_1926-1300x1160-1-768x685.jpg 768w, https:\/\/wwwvhugo.dev2.mlfmonde.org\/wp-content\/uploads\/2025\/05\/DSC_1926-1300x1160-1-13x12.jpg 13w, https:\/\/wwwvhugo.dev2.mlfmonde.org\/wp-content\/uploads\/2025\/05\/DSC_1926-1300x1160-1.jpg 1300w\" sizes=\"(max-width: 800px) 100vw, 800px\" \/>\t\t\t\t\t\t\t\t\t\t\t\t\t\t\t<\/div>\n\t\t\t\t<\/div>\n\t\t\t\t<\/div>\n\t\t\t\t\t<\/div>\n\t\t\t\t<\/div>\n\t\t<div class=\"elementor-element elementor-element-7510768 e-flex e-con-boxed e-con e-parent\" data-id=\"7510768\" data-element_type=\"container\" data-e-type=\"container\">\n\t\t\t\t\t<div class=\"e-con-inner\">\n\t\t\t\t<div class=\"elementor-element elementor-element-cd4362b elementor-widget elementor-widget-text-editor\" data-id=\"cd4362b\" data-element_type=\"widget\" data-e-type=\"widget\" data-widget_type=\"text-editor.default\">\n\t\t\t\t\t\t\t\t\t<p>Lorsque les M\u00e9dicis furent chass\u00e9s de Florence en 1527, le parti des <em>Arrabbiati<\/em>\u00a0(<em>colereux<\/em>, faction contraire aux Medicis) ) pilla le b\u00e2timent, d\u00e9truisant une grande partie des tr\u00e9sors d\u2019art collectionn\u00e9s.<br \/>En 1534, le palais est r\u00e9 ouvert pour recevoir l\u2019empereur Charles V.<\/p><p>Les fils de Palla Rucellai vendent le palais et les jardins \u00e0 Bianca Cappello en 1537. Elle en fit don \u00e0 son fils Don Antonio de M\u00e9dicis. En 1640 vint le cardinal M\u00e9dicis Giovan Carlo, fr\u00e8re du grand-duc Ferdinand II. Il transforma le jardin en y faisant construire des fontaines et en y pla\u00e7ant des ornements. Les plantations sont refaites et comportent de nombreuses fleurs et plantes rares, tr\u00e8s c\u00e9l\u00e8bre \u00e0 cette \u00e9poque.<\/p><p>A la mort de M\u00e9dicis cardinal Giovan Carlo (1663) l\u2019immeuble est vendu pour payer les dettes. Le marquis Ridolfi Montescudaio ach\u00e8te l\u2019\u00e9difice et le fait agrandir. L\u2019\u00e9l\u00e9ment typique de cette p\u00e9riode est le balcon au-dessus du portail central de la fa\u00e7ade. Au XIXe si\u00e8cle, le nouveau propri\u00e9taire refait les jardins selon la mode de l\u2019\u00e9poque, c\u2019est-\u00e0-dire \u00e0 l\u2019anglaise.<\/p><p>En 1861 la comtesse Orloff le fait restaurer par Giuseppe Poggi.<br \/>Entre la Via della Scala et de la Via degli Orti Oricellari, on peut admirer un sanctuaire de la Vierge et l\u2019Enfant par Andrea della Robbia.<\/p>\t\t\t\t\t\t\t\t<\/div>\n\t\t<div class=\"elementor-element elementor-element-27b2277 e-con-full e-flex e-con e-child\" data-id=\"27b2277\" data-element_type=\"container\" data-e-type=\"container\">\n\t\t\t\t<div class=\"elementor-element elementor-element-0cf561e elementor-widget elementor-widget-button\" data-id=\"0cf561e\" data-element_type=\"widget\" data-e-type=\"widget\" data-widget_type=\"button.default\">\n\t\t\t\t\t\t\t\t\t\t<a class=\"elementor-button elementor-button-link elementor-size-sm\" href=\"https:\/\/fr.wikipedia.org\/wiki\/%C3%89cole_fran%C3%A7aise_de_Florence_%E2%80%93_Mlf_Lyc%C3%A9e_Victor_Hugo\" target=\"_blank\">\n\t\t\t\t\t\t<span class=\"elementor-button-content-wrapper\">\n\t\t\t\t\t\t\t\t\t<span class=\"elementor-button-text\">Toute l'histoire sur Wikipedia<\/span>\n\t\t\t\t\t<\/span>\n\t\t\t\t\t<\/a>\n\t\t\t\t\t\t\t\t<\/div>\n\t\t\t\t<div class=\"elementor-element elementor-element-1124365 elementor-widget elementor-widget-button\" data-id=\"1124365\" data-element_type=\"widget\" data-e-type=\"widget\" data-widget_type=\"button.default\">\n\t\t\t\t\t\t\t\t\t\t<a class=\"elementor-button elementor-button-link elementor-size-sm\" href=\"https:\/\/commons.wikimedia.org\/wiki\/Category:Palazzo_Venturi_Ginori\" target=\"_blank\">\n\t\t\t\t\t\t<span class=\"elementor-button-content-wrapper\">\n\t\t\t\t\t\t\t\t\t<span class=\"elementor-button-text\">Palazzo Venturi Ginori<\/span>\n\t\t\t\t\t<\/span>\n\t\t\t\t\t<\/a>\n\t\t\t\t\t\t\t\t<\/div>\n\t\t\t\t<\/div>\n\t\t\t\t\t<\/div>\n\t\t\t\t<\/div>\n\t\t\t\t<\/div>","protected":false},"excerpt":{"rendered":"<p>Le palazzo Venturi Ginori a \u00e9t\u00e9 construit en 1498 par Bernardo Rucellai sur des terrains appartenant \u00e0 sa femme Nannina M\u00e9dicis. En 1459, Cosme de M\u00e9dicis fonda l\u2019Acad\u00e9mie n\u00e9oplatonicienne qui s\u2019installa dans le palais. Nicolas Machiavel, Jacopo Nardi et le pape L\u00e9on X ont fait partie de cette acad\u00e9mie. Machiavel y pr\u00e9senta ses discours. Lorsque [&hellip;]<\/p>\n","protected":false},"author":1,"featured_media":0,"parent":0,"menu_order":0,"comment_status":"closed","ping_status":"closed","template":"","meta":{"footnotes":""},"class_list":["post-218","page","type-page","status-publish","hentry"],"_links":{"self":[{"href":"https:\/\/wwwvhugo.dev2.mlfmonde.org\/en\/wp-json\/wp\/v2\/pages\/218","targetHints":{"allow":["GET"]}}],"collection":[{"href":"https:\/\/wwwvhugo.dev2.mlfmonde.org\/en\/wp-json\/wp\/v2\/pages"}],"about":[{"href":"https:\/\/wwwvhugo.dev2.mlfmonde.org\/en\/wp-json\/wp\/v2\/types\/page"}],"author":[{"embeddable":true,"href":"https:\/\/wwwvhugo.dev2.mlfmonde.org\/en\/wp-json\/wp\/v2\/users\/1"}],"replies":[{"embeddable":true,"href":"https:\/\/wwwvhugo.dev2.mlfmonde.org\/en\/wp-json\/wp\/v2\/comments?post=218"}],"version-history":[{"count":13,"href":"https:\/\/wwwvhugo.dev2.mlfmonde.org\/en\/wp-json\/wp\/v2\/pages\/218\/revisions"}],"predecessor-version":[{"id":527,"href":"https:\/\/wwwvhugo.dev2.mlfmonde.org\/en\/wp-json\/wp\/v2\/pages\/218\/revisions\/527"}],"wp:attachment":[{"href":"https:\/\/wwwvhugo.dev2.mlfmonde.org\/en\/wp-json\/wp\/v2\/media?parent=218"}],"curies":[{"name":"wp","href":"https:\/\/api.w.org\/{rel}","templated":true}]}}