{"id":223,"date":"2025-05-09T13:22:43","date_gmt":"2025-05-09T13:22:43","guid":{"rendered":"https:\/\/vhugo.im-nomade.com\/?page_id=223"},"modified":"2025-05-09T13:37:19","modified_gmt":"2025-05-09T13:37:19","slug":"le-projet-detablissement","status":"publish","type":"page","link":"https:\/\/wwwvhugo.dev2.mlfmonde.org\/en\/le-projet-detablissement\/","title":{"rendered":"Le projet d&rsquo;\u00e9tablissement"},"content":{"rendered":"<div data-elementor-type=\"wp-page\" data-elementor-id=\"223\" class=\"elementor elementor-223\" data-elementor-post-type=\"page\">\n\t\t\t\t<div class=\"elementor-element elementor-element-62b4c5b e-flex e-con-boxed e-con e-parent\" data-id=\"62b4c5b\" data-element_type=\"container\" data-e-type=\"container\">\n\t\t\t\t\t<div class=\"e-con-inner\">\n\t\t\t\t<div class=\"elementor-element elementor-element-f5e17c4 elementor-widget elementor-widget-text-editor\" data-id=\"f5e17c4\" data-element_type=\"widget\" data-e-type=\"widget\" data-widget_type=\"text-editor.default\">\n\t\t\t\t\t\t\t\t\t<p>Un projet d\u2019\u00e9tablissement guide les actions de l\u2019ensemble du personnel du Lyc\u00e9e Victor Hugo.<\/p><p>Ces derni\u00e8res ann\u00e9es, nous avons concentr\u00e9 nos efforts et r\u00e9ussi \u00e0 am\u00e9liorer l\u2019acc\u00e8s et la ma\u00eetrise du plurilinguisme, l\u2019enracinement du Lyc\u00e9e Victor Hugo dans son pays d\u2019accueil, l\u2019accompagnement des \u00e9l\u00e8ves tout au long de leur scolarit\u00e9 et le d\u00e9veloppement de l\u2019autonomie et de la citoyennet\u00e9.<\/p><p>L\u2019\u00e9cole s\u2019engage dans la lutte contre le harc\u00e8lement scolaire et d\u00e9ploie son plan d\u2019action:le protocole\u00a0<a href=\"http:\/\/www.vhugo.eu\/wp-content\/uploads\/2023\/12\/NON-AU-HARCELEMENT.pdf\">pHARe<\/a>.<\/p>\t\t\t\t\t\t\t\t<\/div>\n\t\t\t\t\t<\/div>\n\t\t\t\t<\/div>\n\t\t<div class=\"elementor-element elementor-element-c28b30a e-flex e-con-boxed e-con e-parent\" data-id=\"c28b30a\" data-element_type=\"container\" data-e-type=\"container\">\n\t\t\t\t\t<div class=\"e-con-inner\">\n\t\t\t\t<div class=\"elementor-element elementor-element-17be393 elementor-widget elementor-widget-image\" data-id=\"17be393\" data-element_type=\"widget\" data-e-type=\"widget\" data-widget_type=\"image.default\">\n\t\t\t\t\t\t\t\t\t\t\t\t\t\t\t<img fetchpriority=\"high\" decoding=\"async\" width=\"800\" height=\"566\" src=\"https:\/\/wwwvhugo.dev2.mlfmonde.org\/wp-content\/uploads\/2025\/05\/Projet-detablissement-V2-01-2048x1448-1-1024x724.jpg\" class=\"attachment-large size-large wp-image-235\" alt=\"\" srcset=\"https:\/\/wwwvhugo.dev2.mlfmonde.org\/wp-content\/uploads\/2025\/05\/Projet-detablissement-V2-01-2048x1448-1-1024x724.jpg 1024w, https:\/\/wwwvhugo.dev2.mlfmonde.org\/wp-content\/uploads\/2025\/05\/Projet-detablissement-V2-01-2048x1448-1-300x212.jpg 300w, https:\/\/wwwvhugo.dev2.mlfmonde.org\/wp-content\/uploads\/2025\/05\/Projet-detablissement-V2-01-2048x1448-1-768x543.jpg 768w, https:\/\/wwwvhugo.dev2.mlfmonde.org\/wp-content\/uploads\/2025\/05\/Projet-detablissement-V2-01-2048x1448-1-1536x1086.jpg 1536w, https:\/\/wwwvhugo.dev2.mlfmonde.org\/wp-content\/uploads\/2025\/05\/Projet-detablissement-V2-01-2048x1448-1-18x12.jpg 18w, https:\/\/wwwvhugo.dev2.mlfmonde.org\/wp-content\/uploads\/2025\/05\/Projet-detablissement-V2-01-2048x1448-1.jpg 2048w\" sizes=\"(max-width: 800px) 100vw, 800px\" \/>\t\t\t\t\t\t\t\t\t\t\t\t\t\t\t<\/div>\n\t\t\t\t<div class=\"elementor-element elementor-element-099b554 e-n-tabs-mobile elementor-widget elementor-widget-n-tabs\" data-id=\"099b554\" data-element_type=\"widget\" data-e-type=\"widget\" data-settings=\"{&quot;horizontal_scroll&quot;:&quot;disable&quot;}\" data-widget_type=\"nested-tabs.default\">\n\t\t\t\t\t\t\t<div class=\"e-n-tabs\" data-widget-number=\"10073428\" aria-label=\"Onglets. Ouvrez des \u00e9l\u00e9ments avec Entrer ou Espace, fermez-les avec Echape et naviguez \u00e0 l&#039;aide des touches fl\u00e9ch\u00e9es.\">\n\t\t\t<div class=\"e-n-tabs-heading\" role=\"tablist\">\n\t\t\t\t\t<button id=\"e-n-tab-title-100734281\" data-tab-title-id=\"e-n-tab-title-100734281\" class=\"e-n-tab-title\" aria-selected=\"true\" data-tab-index=\"1\" role=\"tab\" tabindex=\"0\" aria-controls=\"e-n-tab-content-100734281\" style=\"--n-tabs-title-order: 1;\">\n\t\t\t\t\t\t<span class=\"e-n-tab-title-text\">\n\t\t\t\tAxe 1\t\t\t<\/span>\n\t\t<\/button>\n\t\t\t\t<button id=\"e-n-tab-title-100734282\" data-tab-title-id=\"e-n-tab-title-100734282\" class=\"e-n-tab-title\" aria-selected=\"false\" data-tab-index=\"2\" role=\"tab\" tabindex=\"-1\" aria-controls=\"e-n-tab-content-100734282\" style=\"--n-tabs-title-order: 2;\">\n\t\t\t\t\t\t<span class=\"e-n-tab-title-text\">\n\t\t\t\tAxe 2\t\t\t<\/span>\n\t\t<\/button>\n\t\t\t\t<button id=\"e-n-tab-title-100734283\" data-tab-title-id=\"e-n-tab-title-100734283\" class=\"e-n-tab-title\" aria-selected=\"false\" data-tab-index=\"3\" role=\"tab\" tabindex=\"-1\" aria-controls=\"e-n-tab-content-100734283\" style=\"--n-tabs-title-order: 3;\">\n\t\t\t\t\t\t<span class=\"e-n-tab-title-text\">\n\t\t\t\tAxe 3\t\t\t<\/span>\n\t\t<\/button>\n\t\t\t\t\t<\/div>\n\t\t\t<div class=\"e-n-tabs-content\">\n\t\t\t\t<div id=\"e-n-tab-content-100734281\" role=\"tabpanel\" aria-labelledby=\"e-n-tab-title-100734281\" data-tab-index=\"1\" style=\"--n-tabs-title-order: 1;\" class=\"e-active elementor-element elementor-element-e054b71 e-con-full e-flex e-con e-child\" data-id=\"e054b71\" data-element_type=\"container\" data-e-type=\"container\">\n\t\t\t\t<div class=\"elementor-element elementor-element-3f775cb elementor-widget elementor-widget-image\" data-id=\"3f775cb\" data-element_type=\"widget\" data-e-type=\"widget\" data-widget_type=\"image.default\">\n\t\t\t\t\t\t\t\t\t\t\t\t\t\t\t<img decoding=\"async\" width=\"800\" height=\"566\" src=\"https:\/\/wwwvhugo.dev2.mlfmonde.org\/wp-content\/uploads\/2025\/05\/Projet-detablissement-V2-08-2048x1448-1-1024x724.jpg\" class=\"attachment-large size-large wp-image-228\" alt=\"\" srcset=\"https:\/\/wwwvhugo.dev2.mlfmonde.org\/wp-content\/uploads\/2025\/05\/Projet-detablissement-V2-08-2048x1448-1-1024x724.jpg 1024w, https:\/\/wwwvhugo.dev2.mlfmonde.org\/wp-content\/uploads\/2025\/05\/Projet-detablissement-V2-08-2048x1448-1-300x212.jpg 300w, https:\/\/wwwvhugo.dev2.mlfmonde.org\/wp-content\/uploads\/2025\/05\/Projet-detablissement-V2-08-2048x1448-1-768x543.jpg 768w, https:\/\/wwwvhugo.dev2.mlfmonde.org\/wp-content\/uploads\/2025\/05\/Projet-detablissement-V2-08-2048x1448-1-1536x1086.jpg 1536w, https:\/\/wwwvhugo.dev2.mlfmonde.org\/wp-content\/uploads\/2025\/05\/Projet-detablissement-V2-08-2048x1448-1-18x12.jpg 18w, https:\/\/wwwvhugo.dev2.mlfmonde.org\/wp-content\/uploads\/2025\/05\/Projet-detablissement-V2-08-2048x1448-1.jpg 2048w\" sizes=\"(max-width: 800px) 100vw, 800px\" \/>\t\t\t\t\t\t\t\t\t\t\t\t\t\t\t<\/div>\n\t\t\t\t<div class=\"elementor-element elementor-element-c260d10 elementor-widget elementor-widget-image\" data-id=\"c260d10\" data-element_type=\"widget\" data-e-type=\"widget\" data-widget_type=\"image.default\">\n\t\t\t\t\t\t\t\t\t\t\t\t\t\t\t<img decoding=\"async\" width=\"800\" height=\"566\" src=\"https:\/\/wwwvhugo.dev2.mlfmonde.org\/wp-content\/uploads\/2025\/05\/Projet-detablissement-V2-09-2048x1448-1-1024x724.jpg\" class=\"attachment-large size-large wp-image-227\" alt=\"\" srcset=\"https:\/\/wwwvhugo.dev2.mlfmonde.org\/wp-content\/uploads\/2025\/05\/Projet-detablissement-V2-09-2048x1448-1-1024x724.jpg 1024w, https:\/\/wwwvhugo.dev2.mlfmonde.org\/wp-content\/uploads\/2025\/05\/Projet-detablissement-V2-09-2048x1448-1-300x212.jpg 300w, https:\/\/wwwvhugo.dev2.mlfmonde.org\/wp-content\/uploads\/2025\/05\/Projet-detablissement-V2-09-2048x1448-1-768x543.jpg 768w, https:\/\/wwwvhugo.dev2.mlfmonde.org\/wp-content\/uploads\/2025\/05\/Projet-detablissement-V2-09-2048x1448-1-1536x1086.jpg 1536w, https:\/\/wwwvhugo.dev2.mlfmonde.org\/wp-content\/uploads\/2025\/05\/Projet-detablissement-V2-09-2048x1448-1-18x12.jpg 18w, https:\/\/wwwvhugo.dev2.mlfmonde.org\/wp-content\/uploads\/2025\/05\/Projet-detablissement-V2-09-2048x1448-1.jpg 2048w\" sizes=\"(max-width: 800px) 100vw, 800px\" \/>\t\t\t\t\t\t\t\t\t\t\t\t\t\t\t<\/div>\n\t\t\t\t<div class=\"elementor-element elementor-element-487ee87 elementor-widget elementor-widget-image\" data-id=\"487ee87\" data-element_type=\"widget\" data-e-type=\"widget\" data-widget_type=\"image.default\">\n\t\t\t\t\t\t\t\t\t\t\t\t\t\t\t<img loading=\"lazy\" decoding=\"async\" width=\"800\" height=\"566\" src=\"https:\/\/wwwvhugo.dev2.mlfmonde.org\/wp-content\/uploads\/2025\/05\/Projet-detablissement-V2-10-2048x1448-1-1024x724.jpg\" class=\"attachment-large size-large wp-image-226\" alt=\"\" srcset=\"https:\/\/wwwvhugo.dev2.mlfmonde.org\/wp-content\/uploads\/2025\/05\/Projet-detablissement-V2-10-2048x1448-1-1024x724.jpg 1024w, https:\/\/wwwvhugo.dev2.mlfmonde.org\/wp-content\/uploads\/2025\/05\/Projet-detablissement-V2-10-2048x1448-1-300x212.jpg 300w, https:\/\/wwwvhugo.dev2.mlfmonde.org\/wp-content\/uploads\/2025\/05\/Projet-detablissement-V2-10-2048x1448-1-768x543.jpg 768w, https:\/\/wwwvhugo.dev2.mlfmonde.org\/wp-content\/uploads\/2025\/05\/Projet-detablissement-V2-10-2048x1448-1-1536x1086.jpg 1536w, https:\/\/wwwvhugo.dev2.mlfmonde.org\/wp-content\/uploads\/2025\/05\/Projet-detablissement-V2-10-2048x1448-1-18x12.jpg 18w, https:\/\/wwwvhugo.dev2.mlfmonde.org\/wp-content\/uploads\/2025\/05\/Projet-detablissement-V2-10-2048x1448-1.jpg 2048w\" sizes=\"(max-width: 800px) 100vw, 800px\" \/>\t\t\t\t\t\t\t\t\t\t\t\t\t\t\t<\/div>\n\t\t\t\t<\/div>\n\t\t<div id=\"e-n-tab-content-100734282\" role=\"tabpanel\" aria-labelledby=\"e-n-tab-title-100734282\" data-tab-index=\"2\" style=\"--n-tabs-title-order: 2;\" class=\"elementor-element elementor-element-33d095c e-con-full e-flex e-con e-child\" data-id=\"33d095c\" data-element_type=\"container\" data-e-type=\"container\">\n\t\t\t\t<div class=\"elementor-element elementor-element-38d36a6 elementor-widget elementor-widget-image\" data-id=\"38d36a6\" data-element_type=\"widget\" data-e-type=\"widget\" data-widget_type=\"image.default\">\n\t\t\t\t\t\t\t\t\t\t\t\t\t\t\t<img loading=\"lazy\" decoding=\"async\" width=\"800\" height=\"566\" src=\"https:\/\/wwwvhugo.dev2.mlfmonde.org\/wp-content\/uploads\/2025\/05\/Projet-detablissement-V2-05-2048x1448-1-1024x724.jpg\" class=\"attachment-large size-large wp-image-231\" alt=\"\" srcset=\"https:\/\/wwwvhugo.dev2.mlfmonde.org\/wp-content\/uploads\/2025\/05\/Projet-detablissement-V2-05-2048x1448-1-1024x724.jpg 1024w, https:\/\/wwwvhugo.dev2.mlfmonde.org\/wp-content\/uploads\/2025\/05\/Projet-detablissement-V2-05-2048x1448-1-300x212.jpg 300w, https:\/\/wwwvhugo.dev2.mlfmonde.org\/wp-content\/uploads\/2025\/05\/Projet-detablissement-V2-05-2048x1448-1-768x543.jpg 768w, https:\/\/wwwvhugo.dev2.mlfmonde.org\/wp-content\/uploads\/2025\/05\/Projet-detablissement-V2-05-2048x1448-1-1536x1086.jpg 1536w, https:\/\/wwwvhugo.dev2.mlfmonde.org\/wp-content\/uploads\/2025\/05\/Projet-detablissement-V2-05-2048x1448-1-18x12.jpg 18w, https:\/\/wwwvhugo.dev2.mlfmonde.org\/wp-content\/uploads\/2025\/05\/Projet-detablissement-V2-05-2048x1448-1.jpg 2048w\" sizes=\"(max-width: 800px) 100vw, 800px\" \/>\t\t\t\t\t\t\t\t\t\t\t\t\t\t\t<\/div>\n\t\t\t\t<div class=\"elementor-element elementor-element-4ec2ec8 elementor-widget elementor-widget-image\" data-id=\"4ec2ec8\" data-element_type=\"widget\" data-e-type=\"widget\" data-widget_type=\"image.default\">\n\t\t\t\t\t\t\t\t\t\t\t\t\t\t\t<img loading=\"lazy\" decoding=\"async\" width=\"800\" height=\"566\" src=\"https:\/\/wwwvhugo.dev2.mlfmonde.org\/wp-content\/uploads\/2025\/05\/Projet-detablissement-V2-06-2048x1448-1-1024x724.jpg\" class=\"attachment-large size-large wp-image-230\" alt=\"\" srcset=\"https:\/\/wwwvhugo.dev2.mlfmonde.org\/wp-content\/uploads\/2025\/05\/Projet-detablissement-V2-06-2048x1448-1-1024x724.jpg 1024w, https:\/\/wwwvhugo.dev2.mlfmonde.org\/wp-content\/uploads\/2025\/05\/Projet-detablissement-V2-06-2048x1448-1-300x212.jpg 300w, https:\/\/wwwvhugo.dev2.mlfmonde.org\/wp-content\/uploads\/2025\/05\/Projet-detablissement-V2-06-2048x1448-1-768x543.jpg 768w, https:\/\/wwwvhugo.dev2.mlfmonde.org\/wp-content\/uploads\/2025\/05\/Projet-detablissement-V2-06-2048x1448-1-1536x1086.jpg 1536w, https:\/\/wwwvhugo.dev2.mlfmonde.org\/wp-content\/uploads\/2025\/05\/Projet-detablissement-V2-06-2048x1448-1-18x12.jpg 18w, https:\/\/wwwvhugo.dev2.mlfmonde.org\/wp-content\/uploads\/2025\/05\/Projet-detablissement-V2-06-2048x1448-1.jpg 2048w\" sizes=\"(max-width: 800px) 100vw, 800px\" \/>\t\t\t\t\t\t\t\t\t\t\t\t\t\t\t<\/div>\n\t\t\t\t<div class=\"elementor-element elementor-element-2b9b62b elementor-widget elementor-widget-image\" data-id=\"2b9b62b\" data-element_type=\"widget\" data-e-type=\"widget\" data-widget_type=\"image.default\">\n\t\t\t\t\t\t\t\t\t\t\t\t\t\t\t<img loading=\"lazy\" decoding=\"async\" width=\"800\" height=\"566\" src=\"https:\/\/wwwvhugo.dev2.mlfmonde.org\/wp-content\/uploads\/2025\/05\/Projet-detablissement-V2-07-2048x1448-1-1024x724.jpg\" class=\"attachment-large size-large wp-image-229\" alt=\"\" srcset=\"https:\/\/wwwvhugo.dev2.mlfmonde.org\/wp-content\/uploads\/2025\/05\/Projet-detablissement-V2-07-2048x1448-1-1024x724.jpg 1024w, https:\/\/wwwvhugo.dev2.mlfmonde.org\/wp-content\/uploads\/2025\/05\/Projet-detablissement-V2-07-2048x1448-1-300x212.jpg 300w, https:\/\/wwwvhugo.dev2.mlfmonde.org\/wp-content\/uploads\/2025\/05\/Projet-detablissement-V2-07-2048x1448-1-768x543.jpg 768w, https:\/\/wwwvhugo.dev2.mlfmonde.org\/wp-content\/uploads\/2025\/05\/Projet-detablissement-V2-07-2048x1448-1-1536x1086.jpg 1536w, https:\/\/wwwvhugo.dev2.mlfmonde.org\/wp-content\/uploads\/2025\/05\/Projet-detablissement-V2-07-2048x1448-1-18x12.jpg 18w, https:\/\/wwwvhugo.dev2.mlfmonde.org\/wp-content\/uploads\/2025\/05\/Projet-detablissement-V2-07-2048x1448-1.jpg 2048w\" sizes=\"(max-width: 800px) 100vw, 800px\" \/>\t\t\t\t\t\t\t\t\t\t\t\t\t\t\t<\/div>\n\t\t\t\t<\/div>\n\t\t<div id=\"e-n-tab-content-100734283\" role=\"tabpanel\" aria-labelledby=\"e-n-tab-title-100734283\" data-tab-index=\"3\" style=\"--n-tabs-title-order: 3;\" class=\"elementor-element elementor-element-81cc38d e-con-full e-flex e-con e-child\" data-id=\"81cc38d\" data-element_type=\"container\" data-e-type=\"container\">\n\t\t\t\t<div class=\"elementor-element elementor-element-3c4b579 elementor-widget elementor-widget-image\" data-id=\"3c4b579\" data-element_type=\"widget\" data-e-type=\"widget\" data-widget_type=\"image.default\">\n\t\t\t\t\t\t\t\t\t\t\t\t\t\t\t<img loading=\"lazy\" decoding=\"async\" width=\"800\" height=\"566\" src=\"https:\/\/wwwvhugo.dev2.mlfmonde.org\/wp-content\/uploads\/2025\/05\/Projet-detablissement-V2-05-2048x1448-1-1024x724.jpg\" class=\"attachment-large size-large wp-image-231\" alt=\"\" srcset=\"https:\/\/wwwvhugo.dev2.mlfmonde.org\/wp-content\/uploads\/2025\/05\/Projet-detablissement-V2-05-2048x1448-1-1024x724.jpg 1024w, https:\/\/wwwvhugo.dev2.mlfmonde.org\/wp-content\/uploads\/2025\/05\/Projet-detablissement-V2-05-2048x1448-1-300x212.jpg 300w, https:\/\/wwwvhugo.dev2.mlfmonde.org\/wp-content\/uploads\/2025\/05\/Projet-detablissement-V2-05-2048x1448-1-768x543.jpg 768w, https:\/\/wwwvhugo.dev2.mlfmonde.org\/wp-content\/uploads\/2025\/05\/Projet-detablissement-V2-05-2048x1448-1-1536x1086.jpg 1536w, https:\/\/wwwvhugo.dev2.mlfmonde.org\/wp-content\/uploads\/2025\/05\/Projet-detablissement-V2-05-2048x1448-1-18x12.jpg 18w, https:\/\/wwwvhugo.dev2.mlfmonde.org\/wp-content\/uploads\/2025\/05\/Projet-detablissement-V2-05-2048x1448-1.jpg 2048w\" sizes=\"(max-width: 800px) 100vw, 800px\" \/>\t\t\t\t\t\t\t\t\t\t\t\t\t\t\t<\/div>\n\t\t\t\t<div class=\"elementor-element elementor-element-4ad80de elementor-widget elementor-widget-image\" data-id=\"4ad80de\" data-element_type=\"widget\" data-e-type=\"widget\" data-widget_type=\"image.default\">\n\t\t\t\t\t\t\t\t\t\t\t\t\t\t\t<img loading=\"lazy\" decoding=\"async\" width=\"800\" height=\"566\" src=\"https:\/\/wwwvhugo.dev2.mlfmonde.org\/wp-content\/uploads\/2025\/05\/Projet-detablissement-V2-06-2048x1448-1-1024x724.jpg\" class=\"attachment-large size-large wp-image-230\" alt=\"\" srcset=\"https:\/\/wwwvhugo.dev2.mlfmonde.org\/wp-content\/uploads\/2025\/05\/Projet-detablissement-V2-06-2048x1448-1-1024x724.jpg 1024w, https:\/\/wwwvhugo.dev2.mlfmonde.org\/wp-content\/uploads\/2025\/05\/Projet-detablissement-V2-06-2048x1448-1-300x212.jpg 300w, https:\/\/wwwvhugo.dev2.mlfmonde.org\/wp-content\/uploads\/2025\/05\/Projet-detablissement-V2-06-2048x1448-1-768x543.jpg 768w, https:\/\/wwwvhugo.dev2.mlfmonde.org\/wp-content\/uploads\/2025\/05\/Projet-detablissement-V2-06-2048x1448-1-1536x1086.jpg 1536w, https:\/\/wwwvhugo.dev2.mlfmonde.org\/wp-content\/uploads\/2025\/05\/Projet-detablissement-V2-06-2048x1448-1-18x12.jpg 18w, https:\/\/wwwvhugo.dev2.mlfmonde.org\/wp-content\/uploads\/2025\/05\/Projet-detablissement-V2-06-2048x1448-1.jpg 2048w\" sizes=\"(max-width: 800px) 100vw, 800px\" \/>\t\t\t\t\t\t\t\t\t\t\t\t\t\t\t<\/div>\n\t\t\t\t<div class=\"elementor-element elementor-element-d3c1354 elementor-widget elementor-widget-image\" data-id=\"d3c1354\" data-element_type=\"widget\" data-e-type=\"widget\" data-widget_type=\"image.default\">\n\t\t\t\t\t\t\t\t\t\t\t\t\t\t\t<img loading=\"lazy\" decoding=\"async\" width=\"800\" height=\"566\" src=\"https:\/\/wwwvhugo.dev2.mlfmonde.org\/wp-content\/uploads\/2025\/05\/Projet-detablissement-V2-07-2048x1448-1-1024x724.jpg\" class=\"attachment-large size-large wp-image-229\" alt=\"\" srcset=\"https:\/\/wwwvhugo.dev2.mlfmonde.org\/wp-content\/uploads\/2025\/05\/Projet-detablissement-V2-07-2048x1448-1-1024x724.jpg 1024w, https:\/\/wwwvhugo.dev2.mlfmonde.org\/wp-content\/uploads\/2025\/05\/Projet-detablissement-V2-07-2048x1448-1-300x212.jpg 300w, https:\/\/wwwvhugo.dev2.mlfmonde.org\/wp-content\/uploads\/2025\/05\/Projet-detablissement-V2-07-2048x1448-1-768x543.jpg 768w, https:\/\/wwwvhugo.dev2.mlfmonde.org\/wp-content\/uploads\/2025\/05\/Projet-detablissement-V2-07-2048x1448-1-1536x1086.jpg 1536w, https:\/\/wwwvhugo.dev2.mlfmonde.org\/wp-content\/uploads\/2025\/05\/Projet-detablissement-V2-07-2048x1448-1-18x12.jpg 18w, https:\/\/wwwvhugo.dev2.mlfmonde.org\/wp-content\/uploads\/2025\/05\/Projet-detablissement-V2-07-2048x1448-1.jpg 2048w\" sizes=\"(max-width: 800px) 100vw, 800px\" \/>\t\t\t\t\t\t\t\t\t\t\t\t\t\t\t<\/div>\n\t\t\t\t<\/div>\n\t\t\t\t\t<\/div>\n\t\t<\/div>\n\t\t\t\t\t\t<\/div>\n\t\t\t\t\t<\/div>\n\t\t\t\t<\/div>\n\t\t\t\t<\/div>","protected":false},"excerpt":{"rendered":"<p>Un projet d\u2019\u00e9tablissement guide les actions de l\u2019ensemble du personnel du Lyc\u00e9e Victor Hugo. Ces derni\u00e8res ann\u00e9es, nous avons concentr\u00e9 nos efforts et r\u00e9ussi \u00e0 am\u00e9liorer l\u2019acc\u00e8s et la ma\u00eetrise du plurilinguisme, l\u2019enracinement du Lyc\u00e9e Victor Hugo dans son pays d\u2019accueil, l\u2019accompagnement des \u00e9l\u00e8ves tout au long de leur scolarit\u00e9 et le d\u00e9veloppement de l\u2019autonomie [&hellip;]<\/p>\n","protected":false},"author":1,"featured_media":0,"parent":0,"menu_order":0,"comment_status":"closed","ping_status":"closed","template":"","meta":{"footnotes":""},"class_list":["post-223","page","type-page","status-publish","hentry"],"_links":{"self":[{"href":"https:\/\/wwwvhugo.dev2.mlfmonde.org\/en\/wp-json\/wp\/v2\/pages\/223","targetHints":{"allow":["GET"]}}],"collection":[{"href":"https:\/\/wwwvhugo.dev2.mlfmonde.org\/en\/wp-json\/wp\/v2\/pages"}],"about":[{"href":"https:\/\/wwwvhugo.dev2.mlfmonde.org\/en\/wp-json\/wp\/v2\/types\/page"}],"author":[{"embeddable":true,"href":"https:\/\/wwwvhugo.dev2.mlfmonde.org\/en\/wp-json\/wp\/v2\/users\/1"}],"replies":[{"embeddable":true,"href":"https:\/\/wwwvhugo.dev2.mlfmonde.org\/en\/wp-json\/wp\/v2\/comments?post=223"}],"version-history":[{"count":4,"href":"https:\/\/wwwvhugo.dev2.mlfmonde.org\/en\/wp-json\/wp\/v2\/pages\/223\/revisions"}],"predecessor-version":[{"id":238,"href":"https:\/\/wwwvhugo.dev2.mlfmonde.org\/en\/wp-json\/wp\/v2\/pages\/223\/revisions\/238"}],"wp:attachment":[{"href":"https:\/\/wwwvhugo.dev2.mlfmonde.org\/en\/wp-json\/wp\/v2\/media?parent=223"}],"curies":[{"name":"wp","href":"https:\/\/api.w.org\/{rel}","templated":true}]}}