{"id":257,"date":"2025-05-09T14:03:59","date_gmt":"2025-05-09T14:03:59","guid":{"rendered":"https:\/\/vhugo.im-nomade.com\/?page_id=257"},"modified":"2025-05-09T14:08:31","modified_gmt":"2025-05-09T14:08:31","slug":"programme-de-la-maternelle-trois-langues","status":"publish","type":"page","link":"https:\/\/wwwvhugo.dev2.mlfmonde.org\/en\/offre-de-formation\/programme-de-la-maternelle-trois-langues\/","title":{"rendered":"Three Languages Kindergarten Program"},"content":{"rendered":"<div data-elementor-type=\"wp-page\" data-elementor-id=\"257\" class=\"elementor elementor-257\" data-elementor-post-type=\"page\">\n\t\t\t\t<div class=\"elementor-element elementor-element-766b9c8 e-flex e-con-boxed e-con e-parent\" data-id=\"766b9c8\" data-element_type=\"container\" data-e-type=\"container\">\n\t\t\t\t\t<div class=\"e-con-inner\">\n\t\t\t\t<div class=\"elementor-element elementor-element-617ec32 elementor-widget__width-initial elementor-widget elementor-widget-text-editor\" data-id=\"617ec32\" data-element_type=\"widget\" data-e-type=\"widget\" data-widget_type=\"text-editor.default\">\n\t\t\t\t\t\t\t\t\t<p>Lyc\u00e9e Victor Hugo welcomes students from the age of 3, in the Very Small Section or Small Section.<\/p><p><br \/>It offers preschool classes in two languages from the early years of primary school and in three languages from the middle years of primary school. Students study primarily in French but are also taught in Italian and English.<\/p><p>The school curriculum is based on the guidelines of the French National Education system and is enriched with a strong international and transdisciplinary dimension.<\/p>\t\t\t\t\t\t\t\t<\/div>\n\t\t\t\t<div class=\"elementor-element elementor-element-a7458ec elementor-widget elementor-widget-image\" data-id=\"a7458ec\" data-element_type=\"widget\" data-e-type=\"widget\" data-widget_type=\"image.default\">\n\t\t\t\t\t\t\t\t\t\t\t\t\t\t\t<img fetchpriority=\"high\" decoding=\"async\" width=\"800\" height=\"600\" src=\"https:\/\/wwwvhugo.dev2.mlfmonde.org\/wp-content\/uploads\/2025\/04\/20240613_151850-1024x768-1.jpg\" class=\"attachment-large size-large wp-image-36\" alt=\"\" srcset=\"https:\/\/wwwvhugo.dev2.mlfmonde.org\/wp-content\/uploads\/2025\/04\/20240613_151850-1024x768-1.jpg 1024w, https:\/\/wwwvhugo.dev2.mlfmonde.org\/wp-content\/uploads\/2025\/04\/20240613_151850-1024x768-1-300x225.jpg 300w, https:\/\/wwwvhugo.dev2.mlfmonde.org\/wp-content\/uploads\/2025\/04\/20240613_151850-1024x768-1-768x576.jpg 768w\" sizes=\"(max-width: 800px) 100vw, 800px\" \/>\t\t\t\t\t\t\t\t\t\t\t\t\t\t\t<\/div>\n\t\t\t\t\t<\/div>\n\t\t\t\t<\/div>\n\t\t\t\t<\/div>","protected":false},"excerpt":{"rendered":"<p>Le Lyc\u00e9e Victor Hugo accueille les \u00e9l\u00e8ves \u00e0 partir de 3 ans, en Toute Petite Section ou Petite Section. Elle offre des classes maternelles en deux langues d\u00e8s la petite section et en trois langues \u00e0 partir de la Moyenne Section. Les \u00e9l\u00e8ves y \u00e9tudient principalement en fran\u00e7ais mais suivent \u00e9galement un enseignement en italien [&hellip;]<\/p>\n","protected":false},"author":1,"featured_media":0,"parent":255,"menu_order":0,"comment_status":"closed","ping_status":"closed","template":"","meta":{"footnotes":""},"class_list":["post-257","page","type-page","status-publish","hentry"],"_links":{"self":[{"href":"https:\/\/wwwvhugo.dev2.mlfmonde.org\/en\/wp-json\/wp\/v2\/pages\/257","targetHints":{"allow":["GET"]}}],"collection":[{"href":"https:\/\/wwwvhugo.dev2.mlfmonde.org\/en\/wp-json\/wp\/v2\/pages"}],"about":[{"href":"https:\/\/wwwvhugo.dev2.mlfmonde.org\/en\/wp-json\/wp\/v2\/types\/page"}],"author":[{"embeddable":true,"href":"https:\/\/wwwvhugo.dev2.mlfmonde.org\/en\/wp-json\/wp\/v2\/users\/1"}],"replies":[{"embeddable":true,"href":"https:\/\/wwwvhugo.dev2.mlfmonde.org\/en\/wp-json\/wp\/v2\/comments?post=257"}],"version-history":[{"count":10,"href":"https:\/\/wwwvhugo.dev2.mlfmonde.org\/en\/wp-json\/wp\/v2\/pages\/257\/revisions"}],"predecessor-version":[{"id":268,"href":"https:\/\/wwwvhugo.dev2.mlfmonde.org\/en\/wp-json\/wp\/v2\/pages\/257\/revisions\/268"}],"up":[{"embeddable":true,"href":"https:\/\/wwwvhugo.dev2.mlfmonde.org\/en\/wp-json\/wp\/v2\/pages\/255"}],"wp:attachment":[{"href":"https:\/\/wwwvhugo.dev2.mlfmonde.org\/en\/wp-json\/wp\/v2\/media?parent=257"}],"curies":[{"name":"wp","href":"https:\/\/api.w.org\/{rel}","templated":true}]}}