{"id":269,"date":"2025-05-09T14:09:00","date_gmt":"2025-05-09T14:09:00","guid":{"rendered":"https:\/\/vhugo.im-nomade.com\/?page_id=269"},"modified":"2025-05-09T14:11:34","modified_gmt":"2025-05-09T14:11:34","slug":"programme-de-lelementaire-trois-langues","status":"publish","type":"page","link":"https:\/\/wwwvhugo.dev2.mlfmonde.org\/en\/offre-de-formation\/programme-de-lelementaire-trois-langues\/","title":{"rendered":"Programme de l\u2019El\u00e9mentaire Trois Langues"},"content":{"rendered":"<div data-elementor-type=\"wp-page\" data-elementor-id=\"269\" class=\"elementor elementor-269\" data-elementor-post-type=\"page\">\n\t\t\t\t<div class=\"elementor-element elementor-element-fd14905 e-flex e-con-boxed e-con e-parent\" data-id=\"fd14905\" data-element_type=\"container\" data-e-type=\"container\">\n\t\t\t\t\t<div class=\"e-con-inner\">\n\t\t<div class=\"elementor-element elementor-element-74d0846 e-con-full e-flex e-con e-child\" data-id=\"74d0846\" data-element_type=\"container\" data-e-type=\"container\">\n\t\t\t\t<div class=\"elementor-element elementor-element-39e1b7c elementor-widget elementor-widget-text-editor\" data-id=\"39e1b7c\" data-element_type=\"widget\" data-e-type=\"widget\" data-widget_type=\"text-editor.default\">\n\t\t\t\t\t\t\t\t\t<p>Le Lyc\u00e9e Victor Hugo offre des classes \u00e9l\u00e9mentaires trois langues de la classe de CP (5-6 ans) \u00e0 la classe de CM2 (10-11 ans).<\/p><p>Le programme scolaire est bas\u00e9 sur les directives de l\u2019Education Nationale fran\u00e7aise pour les cours en fran\u00e7ais, et est enrichi d\u2019une forte dimension internationale et transdisciplinaire.<\/p><p><strong>Dans ces classes :<\/strong><br \/>\u2022 Les \u00e9l\u00e8ves \u00e9tudient principalement en fran\u00e7ais.<br \/>\u2022 Les cours de d\u2019anglais et d\u2019italien sont dispens\u00e9s en groupe de comp\u00e9tences.<br \/>\u2022 Les \u00e9l\u00e8ves peuvent participer chaque semaine \u00e0 des cours de chant chorale, en fran\u00e7ais, italien ou en anglais, et plusieurs concerts sont organis\u00e9s chaque ann\u00e9e.<\/p>\t\t\t\t\t\t\t\t<\/div>\n\t\t\t\t<\/div>\n\t\t<div class=\"elementor-element elementor-element-1d032b2 e-con-full e-flex e-con e-child\" data-id=\"1d032b2\" data-element_type=\"container\" data-e-type=\"container\">\n\t\t\t\t<div class=\"elementor-element elementor-element-60fcb80 elementor-widget elementor-widget-image\" data-id=\"60fcb80\" data-element_type=\"widget\" data-e-type=\"widget\" data-widget_type=\"image.default\">\n\t\t\t\t\t\t\t\t\t\t\t\t\t\t\t<img fetchpriority=\"high\" decoding=\"async\" width=\"800\" height=\"714\" src=\"https:\/\/wwwvhugo.dev2.mlfmonde.org\/wp-content\/uploads\/2025\/05\/DSC_1868-1300x1160-1-1024x914.jpg\" class=\"attachment-large size-large wp-image-284\" alt=\"\" srcset=\"https:\/\/wwwvhugo.dev2.mlfmonde.org\/wp-content\/uploads\/2025\/05\/DSC_1868-1300x1160-1-1024x914.jpg 1024w, https:\/\/wwwvhugo.dev2.mlfmonde.org\/wp-content\/uploads\/2025\/05\/DSC_1868-1300x1160-1-300x268.jpg 300w, https:\/\/wwwvhugo.dev2.mlfmonde.org\/wp-content\/uploads\/2025\/05\/DSC_1868-1300x1160-1-768x685.jpg 768w, https:\/\/wwwvhugo.dev2.mlfmonde.org\/wp-content\/uploads\/2025\/05\/DSC_1868-1300x1160-1-13x12.jpg 13w, https:\/\/wwwvhugo.dev2.mlfmonde.org\/wp-content\/uploads\/2025\/05\/DSC_1868-1300x1160-1.jpg 1300w\" sizes=\"(max-width: 800px) 100vw, 800px\" \/>\t\t\t\t\t\t\t\t\t\t\t\t\t\t\t<\/div>\n\t\t\t\t<\/div>\n\t\t\t\t\t<\/div>\n\t\t\t\t<\/div>\n\t\t\t\t<\/div>","protected":false},"excerpt":{"rendered":"<p>Le Lyc\u00e9e Victor Hugo offre des classes \u00e9l\u00e9mentaires trois langues de la classe de CP (5-6 ans) \u00e0 la classe de CM2 (10-11 ans). Le programme scolaire est bas\u00e9 sur les directives de l\u2019Education Nationale fran\u00e7aise pour les cours en fran\u00e7ais, et est enrichi d\u2019une forte dimension internationale et transdisciplinaire. Dans ces classes :\u2022 Les [&hellip;]<\/p>\n","protected":false},"author":1,"featured_media":0,"parent":255,"menu_order":0,"comment_status":"closed","ping_status":"closed","template":"","meta":{"footnotes":""},"class_list":["post-269","page","type-page","status-publish","hentry"],"_links":{"self":[{"href":"https:\/\/wwwvhugo.dev2.mlfmonde.org\/en\/wp-json\/wp\/v2\/pages\/269","targetHints":{"allow":["GET"]}}],"collection":[{"href":"https:\/\/wwwvhugo.dev2.mlfmonde.org\/en\/wp-json\/wp\/v2\/pages"}],"about":[{"href":"https:\/\/wwwvhugo.dev2.mlfmonde.org\/en\/wp-json\/wp\/v2\/types\/page"}],"author":[{"embeddable":true,"href":"https:\/\/wwwvhugo.dev2.mlfmonde.org\/en\/wp-json\/wp\/v2\/users\/1"}],"replies":[{"embeddable":true,"href":"https:\/\/wwwvhugo.dev2.mlfmonde.org\/en\/wp-json\/wp\/v2\/comments?post=269"}],"version-history":[{"count":4,"href":"https:\/\/wwwvhugo.dev2.mlfmonde.org\/en\/wp-json\/wp\/v2\/pages\/269\/revisions"}],"predecessor-version":[{"id":291,"href":"https:\/\/wwwvhugo.dev2.mlfmonde.org\/en\/wp-json\/wp\/v2\/pages\/269\/revisions\/291"}],"up":[{"embeddable":true,"href":"https:\/\/wwwvhugo.dev2.mlfmonde.org\/en\/wp-json\/wp\/v2\/pages\/255"}],"wp:attachment":[{"href":"https:\/\/wwwvhugo.dev2.mlfmonde.org\/en\/wp-json\/wp\/v2\/media?parent=269"}],"curies":[{"name":"wp","href":"https:\/\/api.w.org\/{rel}","templated":true}]}}