{"id":292,"date":"2025-05-09T14:12:07","date_gmt":"2025-05-09T14:12:07","guid":{"rendered":"https:\/\/vhugo.im-nomade.com\/?page_id=292"},"modified":"2025-08-11T16:22:07","modified_gmt":"2025-08-11T16:22:07","slug":"programme-secondaire-3-langues","status":"publish","type":"page","link":"https:\/\/wwwvhugo.dev2.mlfmonde.org\/en\/offre-de-formation\/programme-secondaire-3-langues\/","title":{"rendered":"3-language secondary program"},"content":{"rendered":"<div data-elementor-type=\"wp-page\" data-elementor-id=\"292\" class=\"elementor elementor-292\" data-elementor-post-type=\"page\">\n\t\t\t\t<div class=\"elementor-element elementor-element-e62b24f e-flex e-con-boxed e-con e-parent\" data-id=\"e62b24f\" data-element_type=\"container\" data-e-type=\"container\">\n\t\t\t\t\t<div class=\"e-con-inner\">\n\t\t<div class=\"elementor-element elementor-element-74fe354 e-con-full e-flex e-con e-child\" data-id=\"74fe354\" data-element_type=\"container\" data-e-type=\"container\">\n\t\t\t\t<div class=\"elementor-element elementor-element-9938521 elementor-widget elementor-widget-text-editor\" data-id=\"9938521\" data-element_type=\"widget\" data-e-type=\"widget\" data-widget_type=\"text-editor.default\">\n\t\t\t\t\t\t\t\t\t<p>Dans le syst\u00e8me scolaire fran\u00e7ais, le coll\u00e8ge dure quatre ans, de la 6\u00e8me (10-11 ans) \u00e0 la 3\u00e8me (14-15 ans), et le lyc\u00e9e trois ans, de la 2nde (14-15 ans) \u00e0 la Terminale (17-18 ans).<\/p><p>L\u2019enseignement est fond\u00e9 sur les programmes de l\u2019Education Nationale fran\u00e7aise\u00a0 et est enrichi d\u2019une forte dimension culturelle, internationale et transdisciplinaire.<\/p><p><strong>Dans ces classes :<\/strong><br \/>\u2022 Les \u00e9l\u00e8ves \u00e9tudient en fran\u00e7ais.<br \/>\u2022 Les cours d\u2019anglais et d\u2019italien sont dispens\u00e9s en groupe de comp\u00e9tences \u00e0 effectifs r\u00e9duits (4 heures hebdomadaires dans chaque discipline).<br \/>\u2022 D\u00e8s 12 ans, les \u00e9l\u00e8ves peuvent choisir la fili\u00e8re pr\u00e9-EsaBac pour \u00eatre form\u00e9s dans la perspective de cet examen final.<br \/>\u2022 En 4\u00e8me, les \u00e9l\u00e8ves choisissent une 4\u00e8me langue vivante (espagnol, allemand, chinois).<br \/>\u2022 L\u2019enseignement du latin est propos\u00e9 \u00e0 partir de la 5\u00e8me.<\/p>\t\t\t\t\t\t\t\t<\/div>\n\t\t\t\t<div class=\"elementor-element elementor-element-e37cfb9 elementor-widget elementor-widget-video\" data-id=\"e37cfb9\" data-element_type=\"widget\" data-e-type=\"widget\" data-settings=\"{&quot;video_type&quot;:&quot;hosted&quot;,&quot;autoplay&quot;:&quot;yes&quot;,&quot;play_on_mobile&quot;:&quot;yes&quot;,&quot;mute&quot;:&quot;yes&quot;,&quot;loop&quot;:&quot;yes&quot;,&quot;controls&quot;:&quot;yes&quot;}\" data-widget_type=\"video.default\">\n\t\t\t\t\t\t\t<div class=\"e-hosted-video elementor-wrapper elementor-open-inline\">\n\t\t\t\t\t<video class=\"elementor-video\" src=\"https:\/\/wwwvhugo.dev2.mlfmonde.org\/wp-content\/uploads\/2025\/05\/Lenseignement-secondaire-LVH.mp4\" autoplay=\"\" loop=\"\" controls=\"\" muted=\"muted\" playsinline=\"\" controlslist=\"nodownload\"><\/video>\n\t\t\t\t<\/div>\n\t\t\t\t\t\t<\/div>\n\t\t\t\t<\/div>\n\t\t\t\t\t<\/div>\n\t\t\t\t<\/div>\n\t\t<div class=\"elementor-element elementor-element-c542946 e-flex e-con-boxed e-con e-parent\" data-id=\"c542946\" data-element_type=\"container\" data-e-type=\"container\">\n\t\t\t\t\t<div class=\"e-con-inner\">\n\t\t<div class=\"elementor-element elementor-element-ec6a41f e-con-full e-flex e-con e-child\" data-id=\"ec6a41f\" data-element_type=\"container\" data-e-type=\"container\" data-settings=\"{&quot;background_background&quot;:&quot;classic&quot;}\">\n\t\t<div class=\"elementor-element elementor-element-4ab5d8c e-con-full e-flex e-con e-child\" data-id=\"4ab5d8c\" data-element_type=\"container\" data-e-type=\"container\">\n\t\t\t\t<div class=\"elementor-element elementor-element-7e328bb elementor-widget elementor-widget-heading\" data-id=\"7e328bb\" data-element_type=\"widget\" data-e-type=\"widget\" data-widget_type=\"heading.default\">\n\t\t\t\t\t<h2 class=\"elementor-heading-title elementor-size-default\">The school in a few figures<\/h2>\t\t\t\t<\/div>\n\t\t<div class=\"elementor-element elementor-element-e75bddb e-con-full e-flex e-con e-child\" data-id=\"e75bddb\" data-element_type=\"container\" data-e-type=\"container\">\n\t\t\t\t<div class=\"elementor-element elementor-element-aeeca01 elementor-widget elementor-widget-button\" data-id=\"aeeca01\" data-element_type=\"widget\" data-e-type=\"widget\" data-widget_type=\"button.default\">\n\t\t\t\t\t\t\t\t\t\t<a class=\"elementor-button elementor-button-link elementor-size-sm\" href=\"#\">\n\t\t\t\t\t\t<span class=\"elementor-button-content-wrapper\">\n\t\t\t\t\t\t<span class=\"elementor-button-icon\">\n\t\t\t\t<svg aria-hidden=\"true\" class=\"e-font-icon-svg e-fas-location-arrow\" viewbox=\"0 0 512 512\" xmlns=\"http:\/\/www.w3.org\/2000\/svg\"><path d=\"M444.52 3.52L28.74 195.42c-47.97 22.39-31.98 92.75 19.19 92.75h175.91v175.91c0 51.17 70.36 67.17 92.75 19.19l191.9-415.78c15.99-38.39-25.59-79.97-63.97-63.97z\"><\/path><\/svg>\t\t\t<\/span>\n\t\t\t\t\t\t\t\t\t<span class=\"elementor-button-text\">Discover the establishment project<\/span>\n\t\t\t\t\t<\/span>\n\t\t\t\t\t<\/a>\n\t\t\t\t\t\t\t\t<\/div>\n\t\t\t\t<\/div>\n\t\t\t\t<\/div>\n\t\t<div class=\"elementor-element elementor-element-4fafbe0 e-con-full e-flex e-con e-child\" data-id=\"4fafbe0\" data-element_type=\"container\" data-e-type=\"container\">\n\t\t<div class=\"elementor-element elementor-element-37f8b1a e-con-full animated-fast e-flex elementor-invisible e-con e-child\" data-id=\"37f8b1a\" data-element_type=\"container\" data-e-type=\"container\" data-settings=\"{&quot;animation&quot;:&quot;fadeInRight&quot;}\">\n\t\t\t\t<div class=\"elementor-element elementor-element-6eb1bc2 elementor-widget elementor-widget-heading\" data-id=\"6eb1bc2\" data-element_type=\"widget\" data-e-type=\"widget\" data-widget_type=\"heading.default\">\n\t\t\t\t\t<h2 class=\"elementor-heading-title elementor-size-default\">Au coll\u00e8ge :\n<\/h2>\t\t\t\t<\/div>\n\t\t\t\t<div class=\"elementor-element elementor-element-a4b509f elementor-widget elementor-widget-text-editor\" data-id=\"a4b509f\" data-element_type=\"widget\" data-e-type=\"widget\" data-widget_type=\"text-editor.default\">\n\t\t\t\t\t\t\t\t\t<p>\u2022 Les cours de musique et de sport sont dispens\u00e9s en italien<br \/>\u2022 Une heure d\u2019enseignement technologique (6\u00e8me et 5\u00e8me) et le cours d\u2019arts plastiques sont enseign\u00e9s en anglais.<\/p>\t\t\t\t\t\t\t\t<\/div>\n\t\t\t\t<div class=\"elementor-element elementor-element-324469f elementor-widget-divider--view-line elementor-widget elementor-widget-divider\" data-id=\"324469f\" data-element_type=\"widget\" data-e-type=\"widget\" data-widget_type=\"divider.default\">\n\t\t\t\t\t\t\t<div class=\"elementor-divider\">\n\t\t\t<span class=\"elementor-divider-separator\">\n\t\t\t\t\t\t<\/span>\n\t\t<\/div>\n\t\t\t\t\t\t<\/div>\n\t\t\t\t<\/div>\n\t\t<div class=\"elementor-element elementor-element-814b4e1 e-con-full animated-fast e-flex elementor-invisible e-con e-child\" data-id=\"814b4e1\" data-element_type=\"container\" data-e-type=\"container\" data-settings=\"{&quot;animation&quot;:&quot;fadeInRight&quot;}\">\n\t\t\t\t<div class=\"elementor-element elementor-element-0fb8132 elementor-widget elementor-widget-heading\" data-id=\"0fb8132\" data-element_type=\"widget\" data-e-type=\"widget\" data-widget_type=\"heading.default\">\n\t\t\t\t\t<h2 class=\"elementor-heading-title elementor-size-default\">Au lyc\u00e9e : <\/h2>\t\t\t\t<\/div>\n\t\t\t\t<div class=\"elementor-element elementor-element-3459c0c elementor-widget elementor-widget-text-editor\" data-id=\"3459c0c\" data-element_type=\"widget\" data-e-type=\"widget\" data-widget_type=\"text-editor.default\">\n\t\t\t\t\t\t\t\t\t<p>A partir de l\u2019entr\u00e9e en seconde les \u00e9l\u00e8ves peuvent int\u00e9grer la section \u00ab\u00a0bi-nationale\u00a0\u00bb EsaBac ouvrant sur la d\u00e9livrance d\u2019un double dipl\u00f4me : le Baccalaur\u00e9at fran\u00e7ais et l\u2019Esame di Stato italien.<br \/>\u2022 La classe de 2nde propose un programme g\u00e9n\u00e9raliste.<br \/>\u2022 A partir de la 1\u00e8re, les \u00e9l\u00e8ves effectuent le choix de leurs enseignements de sp\u00e9cialit\u00e9 parmi : Humanit\u00e9s, Lettre, Philosophie \u2013 Science Economiques et Sociales \u2013 Langue et Litt\u00e9rature Etrang\u00e8re (anglais) \u2013 Math\u00e9matiques \u2013 Sciences Physiques et Chimie \u2013 Sciences de la Vie et de la Terre.<\/p>\t\t\t\t\t\t\t\t<\/div>\n\t\t\t\t<div class=\"elementor-element elementor-element-2ec3d62 elementor-widget-divider--view-line elementor-widget elementor-widget-divider\" data-id=\"2ec3d62\" data-element_type=\"widget\" data-e-type=\"widget\" data-widget_type=\"divider.default\">\n\t\t\t\t\t\t\t<div class=\"elementor-divider\">\n\t\t\t<span class=\"elementor-divider-separator\">\n\t\t\t\t\t\t<\/span>\n\t\t<\/div>\n\t\t\t\t\t\t<\/div>\n\t\t\t\t<\/div>\n\t\t\t\t<\/div>\n\t\t\t\t<\/div>\n\t\t\t\t\t<\/div>\n\t\t\t\t<\/div>\n\t\t\t\t<\/div>","protected":false},"excerpt":{"rendered":"<p>Dans le syst\u00e8me scolaire fran\u00e7ais, le coll\u00e8ge dure quatre ans, de la 6\u00e8me (10-11 ans) \u00e0 la 3\u00e8me (14-15 ans), et le lyc\u00e9e trois ans, de la 2nde (14-15 ans) \u00e0 la Terminale (17-18 ans). L\u2019enseignement est fond\u00e9 sur les programmes de l\u2019Education Nationale fran\u00e7aise\u00a0 et est enrichi d\u2019une forte dimension culturelle, internationale et transdisciplinaire. [&hellip;]<\/p>\n","protected":false},"author":1,"featured_media":0,"parent":255,"menu_order":0,"comment_status":"closed","ping_status":"closed","template":"","meta":{"footnotes":""},"class_list":["post-292","page","type-page","status-publish","hentry"],"_links":{"self":[{"href":"https:\/\/wwwvhugo.dev2.mlfmonde.org\/en\/wp-json\/wp\/v2\/pages\/292","targetHints":{"allow":["GET"]}}],"collection":[{"href":"https:\/\/wwwvhugo.dev2.mlfmonde.org\/en\/wp-json\/wp\/v2\/pages"}],"about":[{"href":"https:\/\/wwwvhugo.dev2.mlfmonde.org\/en\/wp-json\/wp\/v2\/types\/page"}],"author":[{"embeddable":true,"href":"https:\/\/wwwvhugo.dev2.mlfmonde.org\/en\/wp-json\/wp\/v2\/users\/1"}],"replies":[{"embeddable":true,"href":"https:\/\/wwwvhugo.dev2.mlfmonde.org\/en\/wp-json\/wp\/v2\/comments?post=292"}],"version-history":[{"count":7,"href":"https:\/\/wwwvhugo.dev2.mlfmonde.org\/en\/wp-json\/wp\/v2\/pages\/292\/revisions"}],"predecessor-version":[{"id":539,"href":"https:\/\/wwwvhugo.dev2.mlfmonde.org\/en\/wp-json\/wp\/v2\/pages\/292\/revisions\/539"}],"up":[{"embeddable":true,"href":"https:\/\/wwwvhugo.dev2.mlfmonde.org\/en\/wp-json\/wp\/v2\/pages\/255"}],"wp:attachment":[{"href":"https:\/\/wwwvhugo.dev2.mlfmonde.org\/en\/wp-json\/wp\/v2\/media?parent=292"}],"curies":[{"name":"wp","href":"https:\/\/api.w.org\/{rel}","templated":true}]}}