{"id":302,"date":"2025-05-14T09:02:59","date_gmt":"2025-05-14T09:02:59","guid":{"rendered":"https:\/\/vhugo.im-nomade.com\/?page_id=302"},"modified":"2025-05-14T09:03:48","modified_gmt":"2025-05-14T09:03:48","slug":"esabac","status":"publish","type":"page","link":"https:\/\/wwwvhugo.dev2.mlfmonde.org\/en\/offre-de-formation\/esabac\/","title":{"rendered":"EsaBac"},"content":{"rendered":"<div data-elementor-type=\"wp-page\" data-elementor-id=\"302\" class=\"elementor elementor-302\" data-elementor-post-type=\"page\">\n\t\t\t\t<div class=\"elementor-element elementor-element-f0ca2bd e-flex e-con-boxed e-con e-parent\" data-id=\"f0ca2bd\" data-element_type=\"container\" data-e-type=\"container\">\n\t\t\t\t\t<div class=\"e-con-inner\">\n\t\t\t\t<div class=\"elementor-element elementor-element-fd94f98 elementor-widget elementor-widget-text-editor\" data-id=\"fd94f98\" data-element_type=\"widget\" data-e-type=\"widget\" data-widget_type=\"text-editor.default\">\n\t\t\t\t\t\t\t\t\t<p>Depuis septembre 2010, un nouveau dispositif \u00e9ducatif est entr\u00e9 en vigueur de part et d\u2019autre des Alpes\u00a0: l\u2019EsaBac, qui permet aux \u00e9l\u00e8ves italiens et fran\u00e7ais d\u2019obtenir simultan\u00e9ment deux dipl\u00f4mes \u00e0 partir d\u2019un seul examen \u2013 l\u2019Esame di Stato italien et le Baccalaur\u00e9at fran\u00e7ais.<\/p><p>Cette double d\u00e9livrance de dipl\u00f4mes, rendue possible gr\u00e2ce \u00e0 l\u2019accord sign\u00e9 le 24 f\u00e9vrier 2009 par le ministre italien de l\u2019Instruction, de l\u2019Universit\u00e9 et de la Recherche (MIUR), Mariastella Gelmini, et le ministre fran\u00e7ais de l\u2019Education nationale, Xavier Darcos, valide un parcours scolaire v\u00e9ritablement biculturel et bilingue.<\/p><h3>Pr\u00e9sentation<\/h3><p><strong>Un Parcours de formation int\u00e9gr\u00e9 en 3 ans en vue d\u2019une double d\u00e9livrance et ouvert aux \u00e9l\u00e8ves lyc\u00e9ens.<\/strong><\/p><ul><li>\u00a0<strong>ESA<\/strong>me di Stato<\/li><li>\u00a0<strong>BAC<\/strong>calaur\u00e9at<\/li><\/ul><p><strong>Un Parcours de formation int\u00e9gr\u00e9 qui comporte des enseignements sp\u00e9cifiques enseign\u00e9s en ITALIEN.<\/strong><\/p><ul><li>\u00a0Langue et litt\u00e9rature<\/li><li>\u00a0Histoire<\/li><\/ul><h3>Objectifs vis\u00e9s par la formation<\/h3><ul><li>\u00a0La comp\u00e9tence C1 du Cadre Europ\u00e9en des Langues ( B2 pour le bac) pour les \u00e9l\u00e8ves<\/li><li>\u00a0Le double dipl\u00f4me par un examen unique de fin d\u2019\u00e9tudes secondaires<\/li><\/ul><h3>Programmes<\/h3><p>Les contenus des programmes ont \u00e9t\u00e9 \u00e9labor\u00e9 conjointement par la France et l\u2019Italie dans les classes de 2de, 1\u00e8re et Terminale.<\/p><ul><li>\u00a04 heures pour Langue et litt\u00e9rature<\/li><li>\u00a04 heures pour histoire et g\u00e9ographie (3 heures en seconde)<\/li><\/ul><h3>Examen<\/h3><p>A l\u2019examen les \u00e9l\u00e8ves subiront des \u00e9preuves sp\u00e9cifiques en Italien qui se substitueront aux \u00e9preuves du baccalaur\u00e9at pour :<\/p><ul><li>\u00a0la langue vivante<\/li><li>\u00a0l\u2019histoire et g\u00e9ographie (DNL =\u00a0Discipline non linguistique )<\/li><\/ul><p>Les \u00e9l\u00e8ves ayant obtenu le baccalaur\u00e9at avec une note sup\u00e9rieure \u00e0 la moyenne aux \u00e9preuves sp\u00e9cifiques se verront \u00e9galement d\u00e9cerner l\u2019Esame di Stato.<br \/>Dans les Lyc\u00e9es Fran\u00e7ais seule la partie Histoire de l\u2019\u00e9preuve DNL sera prise en compte pour l\u2019Esame di Stato. L\u2019ensemble de l\u2019\u00e9preuve est prise en compte au titre du baccalaur\u00e9at.<\/p><p>Le programme Esabac a d\u00e9but\u00e9 \u00e0 la rentr\u00e9e 2013 au lyc\u00e9e Victor Hugo. Depuis, le taux de r\u00e9ussite des diff\u00e9rentes sessions est de 100%.<\/p><p><span style=\"font-family: -apple-system, BlinkMacSystemFont, 'Segoe UI', Roboto, 'Helvetica Neue', Arial, 'Noto Sans', sans-serif, 'Apple Color Emoji', 'Segoe UI Emoji', 'Segoe UI Symbol', 'Noto Color Emoji';\">.<\/span><\/p>\t\t\t\t\t\t\t\t<\/div>\n\t\t\t\t\t<\/div>\n\t\t\t\t<\/div>\n\t\t\t\t<\/div>","protected":false},"excerpt":{"rendered":"<p>Depuis septembre 2010, un nouveau dispositif \u00e9ducatif est entr\u00e9 en vigueur de part et d\u2019autre des Alpes\u00a0: l\u2019EsaBac, qui permet aux \u00e9l\u00e8ves italiens et fran\u00e7ais d\u2019obtenir simultan\u00e9ment deux dipl\u00f4mes \u00e0 partir d\u2019un seul examen \u2013 l\u2019Esame di Stato italien et le Baccalaur\u00e9at fran\u00e7ais. Cette double d\u00e9livrance de dipl\u00f4mes, rendue possible gr\u00e2ce \u00e0 l\u2019accord sign\u00e9 le [&hellip;]<\/p>\n","protected":false},"author":1,"featured_media":0,"parent":255,"menu_order":0,"comment_status":"closed","ping_status":"closed","template":"","meta":{"footnotes":""},"class_list":["post-302","page","type-page","status-publish","hentry"],"_links":{"self":[{"href":"https:\/\/wwwvhugo.dev2.mlfmonde.org\/en\/wp-json\/wp\/v2\/pages\/302","targetHints":{"allow":["GET"]}}],"collection":[{"href":"https:\/\/wwwvhugo.dev2.mlfmonde.org\/en\/wp-json\/wp\/v2\/pages"}],"about":[{"href":"https:\/\/wwwvhugo.dev2.mlfmonde.org\/en\/wp-json\/wp\/v2\/types\/page"}],"author":[{"embeddable":true,"href":"https:\/\/wwwvhugo.dev2.mlfmonde.org\/en\/wp-json\/wp\/v2\/users\/1"}],"replies":[{"embeddable":true,"href":"https:\/\/wwwvhugo.dev2.mlfmonde.org\/en\/wp-json\/wp\/v2\/comments?post=302"}],"version-history":[{"count":4,"href":"https:\/\/wwwvhugo.dev2.mlfmonde.org\/en\/wp-json\/wp\/v2\/pages\/302\/revisions"}],"predecessor-version":[{"id":306,"href":"https:\/\/wwwvhugo.dev2.mlfmonde.org\/en\/wp-json\/wp\/v2\/pages\/302\/revisions\/306"}],"up":[{"embeddable":true,"href":"https:\/\/wwwvhugo.dev2.mlfmonde.org\/en\/wp-json\/wp\/v2\/pages\/255"}],"wp:attachment":[{"href":"https:\/\/wwwvhugo.dev2.mlfmonde.org\/en\/wp-json\/wp\/v2\/media?parent=302"}],"curies":[{"name":"wp","href":"https:\/\/api.w.org\/{rel}","templated":true}]}}