{"id":309,"date":"2025-05-14T09:06:32","date_gmt":"2025-05-14T09:06:32","guid":{"rendered":"https:\/\/vhugo.im-nomade.com\/?page_id=309"},"modified":"2025-08-11T17:34:37","modified_gmt":"2025-08-11T17:34:37","slug":"la-musique","status":"publish","type":"page","link":"https:\/\/wwwvhugo.dev2.mlfmonde.org\/en\/vie-scolaire-extra\/la-musique\/","title":{"rendered":"The music"},"content":{"rendered":"<div data-elementor-type=\"wp-page\" data-elementor-id=\"309\" class=\"elementor elementor-309\" data-elementor-post-type=\"page\">\n\t\t\t\t<div class=\"elementor-element elementor-element-47cb233 e-flex e-con-boxed e-con e-parent\" data-id=\"47cb233\" data-element_type=\"container\" data-e-type=\"container\">\n\t\t\t\t\t<div class=\"e-con-inner\">\n\t\t<div class=\"elementor-element elementor-element-f010b1a e-con-full e-flex e-con e-child\" data-id=\"f010b1a\" data-element_type=\"container\" data-e-type=\"container\">\n\t\t<div class=\"elementor-element elementor-element-21371e2 e-con-full e-flex e-con e-child\" data-id=\"21371e2\" data-element_type=\"container\" data-e-type=\"container\">\n\t\t\t\t<div class=\"elementor-element elementor-element-89d4a32 elementor-widget elementor-widget-text-editor\" data-id=\"89d4a32\" data-element_type=\"widget\" data-e-type=\"widget\" data-widget_type=\"text-editor.default\">\n\t\t\t\t\t\t\t\t\t<p>Pour favoriser le d\u00e9veloppement harmonieux et complet des \u00e9l\u00e8ves, et pour faciliter la vie des familles, Le Lyc\u00e9e Victor Hugo propose en son sein de nombreuses activit\u00e9s extra-scolaires diversifi\u00e9es (langues, arts plastiques, th\u00e9\u00e2tre, cuisine, club \u00e9checs\u2026).<\/p><p>Nous accordons une place toute particuli\u00e8re \u00e0 la musique, et souhaitons \u00a0que chaque enfant puisse d\u00e9velopper un go\u00fbt pour la musique qui l\u2019accompagnera tout au long de sa vie !<\/p>\t\t\t\t\t\t\t\t<\/div>\n\t\t\t\t<\/div>\n\t\t<div class=\"elementor-element elementor-element-83adcbe e-con-full e-flex e-con e-child\" data-id=\"83adcbe\" data-element_type=\"container\" data-e-type=\"container\">\n\t\t\t\t<div class=\"elementor-element elementor-element-4dc14f7 elementor-widget elementor-widget-image\" data-id=\"4dc14f7\" data-element_type=\"widget\" data-e-type=\"widget\" data-widget_type=\"image.default\">\n\t\t\t\t\t\t\t\t\t\t\t\t\t\t\t<img fetchpriority=\"high\" decoding=\"async\" width=\"800\" height=\"468\" src=\"https:\/\/wwwvhugo.dev2.mlfmonde.org\/wp-content\/uploads\/2025\/05\/IMG_8402-1024x599-1.jpg\" class=\"attachment-large size-large wp-image-311\" alt=\"\" srcset=\"https:\/\/wwwvhugo.dev2.mlfmonde.org\/wp-content\/uploads\/2025\/05\/IMG_8402-1024x599-1.jpg 1024w, https:\/\/wwwvhugo.dev2.mlfmonde.org\/wp-content\/uploads\/2025\/05\/IMG_8402-1024x599-1-300x175.jpg 300w, https:\/\/wwwvhugo.dev2.mlfmonde.org\/wp-content\/uploads\/2025\/05\/IMG_8402-1024x599-1-768x449.jpg 768w, https:\/\/wwwvhugo.dev2.mlfmonde.org\/wp-content\/uploads\/2025\/05\/IMG_8402-1024x599-1-18x12.jpg 18w\" sizes=\"(max-width: 800px) 100vw, 800px\" \/>\t\t\t\t\t\t\t\t\t\t\t\t\t\t\t<\/div>\n\t\t\t\t<\/div>\n\t\t\t\t<\/div>\n\t\t\t\t<div class=\"elementor-element elementor-element-fa3b0e3 elementor-widget elementor-widget-text-editor\" data-id=\"fa3b0e3\" data-element_type=\"widget\" data-e-type=\"widget\" data-widget_type=\"text-editor.default\">\n\t\t\t\t\t\t\t\t\t<p>Au-del\u00e0 des cours de chant int\u00e9gr\u00e9s dans les horaires scolaires, le Lyc\u00e9e Victor Hugo est partenaire de l\u2019\u00e9cole de musique de Fiesole : les professeurs viennent enseigner la pratique d\u2019instruments \u00a0aux \u00e9l\u00e8ves du premier degr\u00e9 et du coll\u00e8ge dans nos locaux.<\/p><p>Ainsi, les \u00e9l\u00e8ves peuvent apprendre \u00e0 jouer d\u2019un instrument et devenir membre de l\u2019orchestre ou de l\u2019un des ensembles instrumentaux classiques, de jazz ou de rock ; ils peuvent apprendre \u00e0 chanter dans l\u2019un des ch\u0153urs. Ils offrent plusieurs concerts par ann\u00e9e, dont ceux des f\u00eates de fin d\u2019ann\u00e9e civile et de la f\u00eate de fin d\u2019ann\u00e9e scolaire.<\/p><p><strong>Les pratiques du :<\/strong><\/p><ul><li>piano<\/li><li>violon<\/li><li>violoncelle<\/li><\/ul><p>\u00a0<\/p><p>sont propos\u00e9es au lyc\u00e9e, pour pr\u00e9parer les examens de musique et de chant de l\u2019\u00e9cole de musique de Fiesole, ou pour le seul plaisir de jouer.<\/p><p>Depuis la rentr\u00e9e 2018, les \u00e9l\u00e8ves peuvent \u00e9galement int\u00e9grer le dispositif Classe \u00e0 Horaires Am\u00e9nag\u00e9s Musique (CHAM, \u00e0 partir du CE1).<\/p><p>Les \u00e9l\u00e8ves int\u00e9grant ce dispositif pourront ainsi approfondir leur pratique instrumentale, durant le temps scolaire, jusqu\u2019\u00e0 la fin du coll\u00e8ge.<\/p>\t\t\t\t\t\t\t\t<\/div>\n\t\t\t\t<div class=\"elementor-element elementor-element-c90eb20 elementor-widget elementor-widget-heading\" data-id=\"c90eb20\" data-element_type=\"widget\" data-e-type=\"widget\" data-widget_type=\"heading.default\">\n\t\t\t\t\t<h2 class=\"elementor-heading-title elementor-size-default\">Contenus d\u2019enseignement<\/h2>\t\t\t\t<\/div>\n\t\t\t\t\t<\/div>\n\t\t\t\t<\/div>\n\t\t<div class=\"elementor-element elementor-element-9b23271 e-flex e-con-boxed e-con e-parent\" data-id=\"9b23271\" data-element_type=\"container\" data-e-type=\"container\">\n\t\t\t\t\t<div class=\"e-con-inner\">\n\t\t\t\t<div class=\"elementor-element elementor-element-2289cbe elementor-widget elementor-widget-text-editor\" data-id=\"2289cbe\" data-element_type=\"widget\" data-e-type=\"widget\" data-widget_type=\"text-editor.default\">\n\t\t\t\t\t\t\t\t\t<p>Les contenus concernent les domaines suivants :<\/p><ul><li>\u00e9ducation musicale g\u00e9n\u00e9rale et technique : entre 1 heure et 2 heures 30 ;<\/li><li>pratique collective vocale et instrumentale : entre 1 heure et 2 heures ;<\/li><li>formation instrumentale en groupe restreint : 1 heure.<\/li><\/ul>\t\t\t\t\t\t\t\t<\/div>\n\t\t\t\t<div class=\"elementor-element elementor-element-ec03ef8 elementor-widget elementor-widget-heading\" data-id=\"ec03ef8\" data-element_type=\"widget\" data-e-type=\"widget\" data-widget_type=\"heading.default\">\n\t\t\t\t\t<h2 class=\"elementor-heading-title elementor-size-default\">Crit\u00e8res d\u2019admission<\/h2>\t\t\t\t<\/div>\n\t\t\t\t<div class=\"elementor-element elementor-element-9cecb2c elementor-widget elementor-widget-text-editor\" data-id=\"9cecb2c\" data-element_type=\"widget\" data-e-type=\"widget\" data-widget_type=\"text-editor.default\">\n\t\t\t\t\t\t\t\t\t<ul><li>Capacit\u00e9 g\u00e9n\u00e9rale relative au sens du rythme (pour int\u00e9grer la premier ann\u00e9e) ;<\/li><li>Comp\u00e9tences musicales de base (pour int\u00e9grer la 2\u00e8me ann\u00e9e) ;<\/li><li>Nature de la motivation de la famille (et capacit\u00e9 de pratique personnelle \u00e0 la maison).<\/li><li>Motivation des \u00e9l\u00e8ves candidats\u00a0<\/li><\/ul>\t\t\t\t\t\t\t\t<\/div>\n\t\t\t\t\t<\/div>\n\t\t\t\t<\/div>\n\t\t\t\t<\/div>","protected":false},"excerpt":{"rendered":"<p>Pour favoriser le d\u00e9veloppement harmonieux et complet des \u00e9l\u00e8ves, et pour faciliter la vie des familles, Le Lyc\u00e9e Victor Hugo propose en son sein de nombreuses activit\u00e9s extra-scolaires diversifi\u00e9es (langues, arts plastiques, th\u00e9\u00e2tre, cuisine, club \u00e9checs\u2026). Nous accordons une place toute particuli\u00e8re \u00e0 la musique, et souhaitons \u00a0que chaque enfant puisse d\u00e9velopper un go\u00fbt pour [&hellip;]<\/p>\n","protected":false},"author":1,"featured_media":0,"parent":307,"menu_order":0,"comment_status":"closed","ping_status":"closed","template":"","meta":{"footnotes":""},"class_list":["post-309","page","type-page","status-publish","hentry"],"_links":{"self":[{"href":"https:\/\/wwwvhugo.dev2.mlfmonde.org\/en\/wp-json\/wp\/v2\/pages\/309","targetHints":{"allow":["GET"]}}],"collection":[{"href":"https:\/\/wwwvhugo.dev2.mlfmonde.org\/en\/wp-json\/wp\/v2\/pages"}],"about":[{"href":"https:\/\/wwwvhugo.dev2.mlfmonde.org\/en\/wp-json\/wp\/v2\/types\/page"}],"author":[{"embeddable":true,"href":"https:\/\/wwwvhugo.dev2.mlfmonde.org\/en\/wp-json\/wp\/v2\/users\/1"}],"replies":[{"embeddable":true,"href":"https:\/\/wwwvhugo.dev2.mlfmonde.org\/en\/wp-json\/wp\/v2\/comments?post=309"}],"version-history":[{"count":7,"href":"https:\/\/wwwvhugo.dev2.mlfmonde.org\/en\/wp-json\/wp\/v2\/pages\/309\/revisions"}],"predecessor-version":[{"id":558,"href":"https:\/\/wwwvhugo.dev2.mlfmonde.org\/en\/wp-json\/wp\/v2\/pages\/309\/revisions\/558"}],"up":[{"embeddable":true,"href":"https:\/\/wwwvhugo.dev2.mlfmonde.org\/en\/wp-json\/wp\/v2\/pages\/307"}],"wp:attachment":[{"href":"https:\/\/wwwvhugo.dev2.mlfmonde.org\/en\/wp-json\/wp\/v2\/media?parent=309"}],"curies":[{"name":"wp","href":"https:\/\/api.w.org\/{rel}","templated":true}]}}