{"id":323,"date":"2025-05-14T09:16:06","date_gmt":"2025-05-14T09:16:06","guid":{"rendered":"https:\/\/vhugo.im-nomade.com\/?page_id=323"},"modified":"2025-08-11T16:20:50","modified_gmt":"2025-08-11T16:20:50","slug":"les-cahiers-passerelle","status":"publish","type":"page","link":"https:\/\/wwwvhugo.dev2.mlfmonde.org\/en\/offre-de-formation\/les-cahiers-passerelle\/","title":{"rendered":"The Passerelle notebooks"},"content":{"rendered":"<div data-elementor-type=\"wp-page\" data-elementor-id=\"323\" class=\"elementor elementor-323\" data-elementor-post-type=\"page\">\n\t\t\t\t<div class=\"elementor-element elementor-element-ed2c71f e-flex e-con-boxed e-con e-parent\" data-id=\"ed2c71f\" data-element_type=\"container\" data-e-type=\"container\">\n\t\t\t\t\t<div class=\"e-con-inner\">\n\t\t\t\t<div class=\"elementor-element elementor-element-a1a4692 elementor-widget elementor-widget-button\" data-id=\"a1a4692\" data-element_type=\"widget\" data-e-type=\"widget\" data-widget_type=\"button.default\">\n\t\t\t\t\t\t\t\t\t\t<a class=\"elementor-button elementor-button-link elementor-size-sm\" href=\"https:\/\/wwwvhugo.dev2.mlfmonde.org\/wp-content\/uploads\/2025\/05\/vers-la-1ere-1.pdf\">\n\t\t\t\t\t\t<span class=\"elementor-button-content-wrapper\">\n\t\t\t\t\t\t\t\t\t<span class=\"elementor-button-text\">Vers la 1ere<\/span>\n\t\t\t\t\t<\/span>\n\t\t\t\t\t<\/a>\n\t\t\t\t\t\t\t\t<\/div>\n\t\t\t\t<div class=\"elementor-element elementor-element-3841130 elementor-widget elementor-widget-button\" data-id=\"3841130\" data-element_type=\"widget\" data-e-type=\"widget\" data-widget_type=\"button.default\">\n\t\t\t\t\t\t\t\t\t\t<a class=\"elementor-button elementor-button-link elementor-size-sm\" href=\"https:\/\/wwwvhugo.dev2.mlfmonde.org\/wp-content\/uploads\/2025\/05\/Vers-la-2nde.pdf\">\n\t\t\t\t\t\t<span class=\"elementor-button-content-wrapper\">\n\t\t\t\t\t\t\t\t\t<span class=\"elementor-button-text\">Vers la seconde<\/span>\n\t\t\t\t\t<\/span>\n\t\t\t\t\t<\/a>\n\t\t\t\t\t\t\t\t<\/div>\n\t\t\t\t<div class=\"elementor-element elementor-element-bdc78bb elementor-widget elementor-widget-button\" data-id=\"bdc78bb\" data-element_type=\"widget\" data-e-type=\"widget\" data-widget_type=\"button.default\">\n\t\t\t\t\t\t\t\t\t\t<a class=\"elementor-button elementor-button-link elementor-size-sm\" href=\"https:\/\/wwwvhugo.dev2.mlfmonde.org\/wp-content\/uploads\/2025\/05\/Vers-la-3eme.pdf\">\n\t\t\t\t\t\t<span class=\"elementor-button-content-wrapper\">\n\t\t\t\t\t\t\t\t\t<span class=\"elementor-button-text\">Vers la troisi\u00e8me<\/span>\n\t\t\t\t\t<\/span>\n\t\t\t\t\t<\/a>\n\t\t\t\t\t\t\t\t<\/div>\n\t\t\t\t<div class=\"elementor-element elementor-element-bdde698 elementor-widget elementor-widget-button\" data-id=\"bdde698\" data-element_type=\"widget\" data-e-type=\"widget\" data-widget_type=\"button.default\">\n\t\t\t\t\t\t\t\t\t\t<a class=\"elementor-button elementor-button-link elementor-size-sm\" href=\"https:\/\/wwwvhugo.dev2.mlfmonde.org\/wp-content\/uploads\/2025\/05\/Vers-la-4eme.pdf\">\n\t\t\t\t\t\t<span class=\"elementor-button-content-wrapper\">\n\t\t\t\t\t\t\t\t\t<span class=\"elementor-button-text\">Vers la quatri\u00e8me<\/span>\n\t\t\t\t\t<\/span>\n\t\t\t\t\t<\/a>\n\t\t\t\t\t\t\t\t<\/div>\n\t\t\t\t<div class=\"elementor-element elementor-element-defeac6 elementor-widget elementor-widget-button\" data-id=\"defeac6\" data-element_type=\"widget\" data-e-type=\"widget\" data-widget_type=\"button.default\">\n\t\t\t\t\t\t\t\t\t\t<a class=\"elementor-button elementor-button-link elementor-size-sm\" href=\"https:\/\/wwwvhugo.dev2.mlfmonde.org\/wp-content\/uploads\/2025\/05\/Vers-la-5eme.pdf\">\n\t\t\t\t\t\t<span class=\"elementor-button-content-wrapper\">\n\t\t\t\t\t\t\t\t\t<span class=\"elementor-button-text\">Vers la cinqui\u00e8me<\/span>\n\t\t\t\t\t<\/span>\n\t\t\t\t\t<\/a>\n\t\t\t\t\t\t\t\t<\/div>\n\t\t\t\t\t<\/div>\n\t\t\t\t<\/div>\n\t\t\t\t<\/div>","protected":false},"excerpt":{"rendered":"<p>Vers la 1ere Vers la seconde Vers la troisi\u00e8me Vers la quatri\u00e8me Vers la cinqui\u00e8me<\/p>","protected":false},"author":1,"featured_media":0,"parent":255,"menu_order":0,"comment_status":"closed","ping_status":"closed","template":"","meta":{"footnotes":""},"class_list":["post-323","page","type-page","status-publish","hentry"],"_links":{"self":[{"href":"https:\/\/wwwvhugo.dev2.mlfmonde.org\/en\/wp-json\/wp\/v2\/pages\/323","targetHints":{"allow":["GET"]}}],"collection":[{"href":"https:\/\/wwwvhugo.dev2.mlfmonde.org\/en\/wp-json\/wp\/v2\/pages"}],"about":[{"href":"https:\/\/wwwvhugo.dev2.mlfmonde.org\/en\/wp-json\/wp\/v2\/types\/page"}],"author":[{"embeddable":true,"href":"https:\/\/wwwvhugo.dev2.mlfmonde.org\/en\/wp-json\/wp\/v2\/users\/1"}],"replies":[{"embeddable":true,"href":"https:\/\/wwwvhugo.dev2.mlfmonde.org\/en\/wp-json\/wp\/v2\/comments?post=323"}],"version-history":[{"count":7,"href":"https:\/\/wwwvhugo.dev2.mlfmonde.org\/en\/wp-json\/wp\/v2\/pages\/323\/revisions"}],"predecessor-version":[{"id":533,"href":"https:\/\/wwwvhugo.dev2.mlfmonde.org\/en\/wp-json\/wp\/v2\/pages\/323\/revisions\/533"}],"up":[{"embeddable":true,"href":"https:\/\/wwwvhugo.dev2.mlfmonde.org\/en\/wp-json\/wp\/v2\/pages\/255"}],"wp:attachment":[{"href":"https:\/\/wwwvhugo.dev2.mlfmonde.org\/en\/wp-json\/wp\/v2\/media?parent=323"}],"curies":[{"name":"wp","href":"https:\/\/api.w.org\/{rel}","templated":true}]}}