{"id":351,"date":"2025-05-14T09:37:24","date_gmt":"2025-05-14T09:37:24","guid":{"rendered":"https:\/\/vhugo.im-nomade.com\/?page_id=351"},"modified":"2025-08-11T17:28:52","modified_gmt":"2025-08-11T17:28:52","slug":"cdi","status":"publish","type":"page","link":"https:\/\/wwwvhugo.dev2.mlfmonde.org\/en\/vie-scolaire-extra\/cdi\/","title":{"rendered":"CDI"},"content":{"rendered":"<div data-elementor-type=\"wp-page\" data-elementor-id=\"351\" class=\"elementor elementor-351\" data-elementor-post-type=\"page\">\n\t\t\t\t<div class=\"elementor-element elementor-element-f191585 e-flex e-con-boxed e-con e-parent\" data-id=\"f191585\" data-element_type=\"container\" data-e-type=\"container\">\n\t\t\t\t\t<div class=\"e-con-inner\">\n\t\t<div class=\"elementor-element elementor-element-21aac46 e-con-full e-flex e-con e-child\" data-id=\"21aac46\" data-element_type=\"container\" data-e-type=\"container\">\n\t\t\t\t<div class=\"elementor-element elementor-element-4c2c0f4 elementor-widget__width-initial elementor-widget elementor-widget-text-editor\" data-id=\"4c2c0f4\" data-element_type=\"widget\" data-e-type=\"widget\" data-widget_type=\"text-editor.default\">\n\t\t\t\t\t\t\t\t\t<p>Le CDI est en France un lieu incontournable des coll\u00e8ges et des lyc\u00e9es, et c\u2019est beaucoup plus qu\u2019une biblioth\u00e8que : il s\u2019ins\u00e8re pleinement dans le projet p\u00e9dagogique de l\u2019\u00e9tablissement.<\/p><p>Le CDI du Lyc\u00e9e Victor Hugo est g\u00e9r\u00e9 par la Professeure Documentaliste,\u00a0<strong>Mme<\/strong>\u00a0<strong>Serena TELESCA<\/strong>.<\/p><p>Il \u00a0offre un fonds documentaire que les \u00e9l\u00e8ves peuvent venir consulter, soit pendant leurs heures de permanence, soit pendant des s\u00e9ances p\u00e9dagogiques d\u00e9di\u00e9es avec leur professeur et Mme Telesca.<\/p>\t\t\t\t\t\t\t\t<\/div>\n\t\t\t\t<div class=\"elementor-element elementor-element-f829a40 elementor-widget elementor-widget-image\" data-id=\"f829a40\" data-element_type=\"widget\" data-e-type=\"widget\" data-widget_type=\"image.default\">\n\t\t\t\t\t\t\t\t\t\t\t\t\t\t\t<img fetchpriority=\"high\" decoding=\"async\" width=\"800\" height=\"714\" src=\"https:\/\/wwwvhugo.dev2.mlfmonde.org\/wp-content\/uploads\/2025\/05\/DSC_1895-1300x1160-1-1024x914.jpg\" class=\"attachment-large size-large wp-image-276\" alt=\"\" srcset=\"https:\/\/wwwvhugo.dev2.mlfmonde.org\/wp-content\/uploads\/2025\/05\/DSC_1895-1300x1160-1-1024x914.jpg 1024w, https:\/\/wwwvhugo.dev2.mlfmonde.org\/wp-content\/uploads\/2025\/05\/DSC_1895-1300x1160-1-300x268.jpg 300w, https:\/\/wwwvhugo.dev2.mlfmonde.org\/wp-content\/uploads\/2025\/05\/DSC_1895-1300x1160-1-768x685.jpg 768w, https:\/\/wwwvhugo.dev2.mlfmonde.org\/wp-content\/uploads\/2025\/05\/DSC_1895-1300x1160-1-13x12.jpg 13w, https:\/\/wwwvhugo.dev2.mlfmonde.org\/wp-content\/uploads\/2025\/05\/DSC_1895-1300x1160-1.jpg 1300w\" sizes=\"(max-width: 800px) 100vw, 800px\" \/>\t\t\t\t\t\t\t\t\t\t\t\t\t\t\t<\/div>\n\t\t\t\t<\/div>\n\t\t\t\t\t<\/div>\n\t\t\t\t<\/div>\n\t\t<div class=\"elementor-element elementor-element-532fa79 e-flex e-con-boxed e-con e-parent\" data-id=\"532fa79\" data-element_type=\"container\" data-e-type=\"container\">\n\t\t\t\t\t<div class=\"e-con-inner\">\n\t\t\t\t<div class=\"elementor-element elementor-element-36a5d44 elementor-widget elementor-widget-text-editor\" data-id=\"36a5d44\" data-element_type=\"widget\" data-e-type=\"widget\" data-widget_type=\"text-editor.default\">\n\t\t\t\t\t\t\t\t\t<p>Il est ainsi possible de consulter des ouvrages, class\u00e9s par genre : fiction, documentaire, presse. Et comme nous sommes un \u00e9tablissement plurilingue, les ressources sont \u00e0 la fois en italien, en fran\u00e7ais et en anglais (il suffit de voir le petit drapeau indiqu\u00e9 sur les livres).<\/p><p>C\u2019est aussi un fonds enregistr\u00e9 et consultable en ligne gr\u00e2ce au \u00a0<a href=\"https:\/\/1270014a.esidoc.fr\/\" target=\"_blank\" rel=\"noopener\">catalogue e-sidoc<\/a>\u00a0\u00a0mis \u00e0 jour en temps r\u00e9el : les \u00e9l\u00e8ves peuvent ainsi au gr\u00e9 de leur curiosit\u00e9 chercher un ouvrage puis venir l\u2019emprunter gr\u00e2ce \u00e0 leur carte remise en d\u00e9but d\u2019ann\u00e9e.<\/p><p>Ce fonds est pens\u00e9 pour les \u00e2ges de nos \u00e9l\u00e8ves, et correspond aux programmes d\u2019enseignement dispens\u00e9s en classe \u2013 en compl\u00e9ment de la m\u00e9diath\u00e8que de l\u2019Institut Fran\u00e7ais adapt\u00e9e \u00e0 un public plus adulte. Il est aussi compl\u00e9t\u00e9 par l\u2019\u00e9quipe enseignante, au gr\u00e9 des projets p\u00e9dagogiques et des envies des \u00e9l\u00e8ves.<\/p><p>Le CDI est abonn\u00e9 \u00e0 des revues destin\u00e9es aux adolescents, afin qu\u2019ils suivent l\u2019actualit\u00e9 et approfondissent leur culture g\u00e9n\u00e9rale. Il met \u00e0 disposition des \u00e9l\u00e8ves un ordinateur fixe o\u00f9 ils peuvent utiliser un logiciel ONISEP d\u00e9di\u00e9 \u00e0 leur orientation, avec l\u2019aide ou non de la professeure documentaliste.<\/p><p>Enfin, le CDI est aussi et surtout de vie : l\u2019espace est modulable et r\u00e9serve plusieurs endroits de lecture-d\u00e9tente. \u00a0A venir d\u2019ailleurs : des audio-livres \u00e0 \u00e9couter en toute tranquillit\u00e9 :\u00a0<a href=\"https:\/\/padlet.com\/serena_telesca\/7kg9oamoqpkk\" target=\"_blank\" rel=\"noopener\">padlet liens audio-livres\u00a0<\/a><\/p><p>Un lieu riche, convivial et agr\u00e9able donc, et les \u00e9l\u00e8ves ne s\u2019y sont pas tromp\u00e9s : le CDI ne d\u00e9semplit pas depuis son ouverture\u2026.<\/p>\t\t\t\t\t\t\t\t<\/div>\n\t\t<div class=\"elementor-element elementor-element-989ec89 e-con-full e-flex e-con e-child\" data-id=\"989ec89\" data-element_type=\"container\" data-e-type=\"container\">\n\t\t<div class=\"elementor-element elementor-element-2aab245 e-con-full e-flex e-con e-child\" data-id=\"2aab245\" data-element_type=\"container\" data-e-type=\"container\">\n\t\t\t\t<div class=\"elementor-element elementor-element-600bfbd elementor-widget elementor-widget-heading\" data-id=\"600bfbd\" data-element_type=\"widget\" data-e-type=\"widget\" data-widget_type=\"heading.default\">\n\t\t\t\t\t<h2 class=\"elementor-heading-title elementor-size-default\">Les horaires...<\/h2>\t\t\t\t<\/div>\n\t\t<div class=\"elementor-element elementor-element-624e0b9 e-con-full e-flex e-con e-child\" data-id=\"624e0b9\" data-element_type=\"container\" data-e-type=\"container\">\n\t\t\t\t<div class=\"elementor-element elementor-element-ff925b8 elementor-widget elementor-widget-text-editor\" data-id=\"ff925b8\" data-element_type=\"widget\" data-e-type=\"widget\" data-widget_type=\"text-editor.default\">\n\t\t\t\t\t\t\t\t\t<p>\u00a0<strong>Les horaires d\u2019ouverture du CDI<\/strong><\/p><ul><li>Lundi : 08h10 \u2013 11h30 et 12h00 \u2013 14h30<\/li><li>Mardi : 08h10 \u2013 11h30 et 12h00 \u2013 14h30<\/li><li>Mercredi : 08h10 \u2013 11h30 et 12h00 \u2013 14h30<\/li><li>Jeudi : 08h10 \u2013 12h00<\/li><li>Vendredi : 08h10 \u2013 11h30 et 12h00 \u2013 14h30<\/li><\/ul><p>Pour en savoir plus sur son fonctionnement et ses horaires d\u2019ouverture \u00a0\u00e9crivez \u00a0\u00e0\u00a0<strong>Mme Serena TELESCA<\/strong>: enseignante documentaliste \u00e0 l\u2019adresse:\u00a0<strong>serena.telesca@vhugo.eu<\/strong><\/p>\t\t\t\t\t\t\t\t<\/div>\n\t\t\t\t<div class=\"elementor-element elementor-element-12e73c5 elementor-grid-3 e-grid-align-left elementor-shape-rounded elementor-widget elementor-widget-social-icons\" data-id=\"12e73c5\" data-element_type=\"widget\" data-e-type=\"widget\" data-widget_type=\"social-icons.default\">\n\t\t\t\t\t\t\t<div class=\"elementor-social-icons-wrapper elementor-grid\" role=\"list\">\n\t\t\t\t\t\t\t<span class=\"elementor-grid-item\" role=\"listitem\">\n\t\t\t\t\t<a class=\"elementor-icon elementor-social-icon elementor-social-icon-instagram elementor-repeater-item-3e22eb0\" href=\"https:\/\/www.instagram.com\/cdilyceevictorhugoflorence\/?hl=it\" target=\"_blank\">\n\t\t\t\t\t\t<span class=\"elementor-screen-only\">Instagram<\/span>\n\t\t\t\t\t\t<svg aria-hidden=\"true\" class=\"e-font-icon-svg e-fab-instagram\" viewbox=\"0 0 448 512\" xmlns=\"http:\/\/www.w3.org\/2000\/svg\"><path d=\"M224.1 141c-63.6 0-114.9 51.3-114.9 114.9s51.3 114.9 114.9 114.9S339 319.5 339 255.9 287.7 141 224.1 141zm0 189.6c-41.1 0-74.7-33.5-74.7-74.7s33.5-74.7 74.7-74.7 74.7 33.5 74.7 74.7-33.6 74.7-74.7 74.7zm146.4-194.3c0 14.9-12 26.8-26.8 26.8-14.9 0-26.8-12-26.8-26.8s12-26.8 26.8-26.8 26.8 12 26.8 26.8zm76.1 27.2c-1.7-35.9-9.9-67.7-36.2-93.9-26.2-26.2-58-34.4-93.9-36.2-37-2.1-147.9-2.1-184.9 0-35.8 1.7-67.6 9.9-93.9 36.1s-34.4 58-36.2 93.9c-2.1 37-2.1 147.9 0 184.9 1.7 35.9 9.9 67.7 36.2 93.9s58 34.4 93.9 36.2c37 2.1 147.9 2.1 184.9 0 35.9-1.7 67.7-9.9 93.9-36.2 26.2-26.2 34.4-58 36.2-93.9 2.1-37 2.1-147.8 0-184.8zM398.8 388c-7.8 19.6-22.9 34.7-42.6 42.6-29.5 11.7-99.5 9-132.1 9s-102.7 2.6-132.1-9c-19.6-7.8-34.7-22.9-42.6-42.6-11.7-29.5-9-99.5-9-132.1s-2.6-102.7 9-132.1c7.8-19.6 22.9-34.7 42.6-42.6 29.5-11.7 99.5-9 132.1-9s102.7-2.6 132.1 9c19.6 7.8 34.7 22.9 42.6 42.6 11.7 29.5 9 99.5 9 132.1s2.7 102.7-9 132.1z\"><\/path><\/svg>\t\t\t\t\t<\/a>\n\t\t\t\t<\/span>\n\t\t\t\t\t\t\t<span class=\"elementor-grid-item\" role=\"listitem\">\n\t\t\t\t\t<a class=\"elementor-icon elementor-social-icon elementor-social-icon-twitter elementor-repeater-item-ffa8178\" href=\"https:\/\/x.com\/cdi_hugo\" target=\"_blank\">\n\t\t\t\t\t\t<span class=\"elementor-screen-only\">Twitter<\/span>\n\t\t\t\t\t\t<svg aria-hidden=\"true\" class=\"e-font-icon-svg e-fab-twitter\" viewbox=\"0 0 512 512\" xmlns=\"http:\/\/www.w3.org\/2000\/svg\"><path d=\"M459.37 151.716c.325 4.548.325 9.097.325 13.645 0 138.72-105.583 298.558-298.558 298.558-59.452 0-114.68-17.219-161.137-47.106 8.447.974 16.568 1.299 25.34 1.299 49.055 0 94.213-16.568 130.274-44.832-46.132-.975-84.792-31.188-98.112-72.772 6.498.974 12.995 1.624 19.818 1.624 9.421 0 18.843-1.3 27.614-3.573-48.081-9.747-84.143-51.98-84.143-102.985v-1.299c13.969 7.797 30.214 12.67 47.431 13.319-28.264-18.843-46.781-51.005-46.781-87.391 0-19.492 5.197-37.36 14.294-52.954 51.655 63.675 129.3 105.258 216.365 109.807-1.624-7.797-2.599-15.918-2.599-24.04 0-57.828 46.782-104.934 104.934-104.934 30.213 0 57.502 12.67 76.67 33.137 23.715-4.548 46.456-13.32 66.599-25.34-7.798 24.366-24.366 44.833-46.132 57.827 21.117-2.273 41.584-8.122 60.426-16.243-14.292 20.791-32.161 39.308-52.628 54.253z\"><\/path><\/svg>\t\t\t\t\t<\/a>\n\t\t\t\t<\/span>\n\t\t\t\t\t<\/div>\n\t\t\t\t\t\t<\/div>\n\t\t\t\t<\/div>\n\t\t\t\t<\/div>\n\t\t\t\t<\/div>\n\t\t\t\t\t<\/div>\n\t\t\t\t<\/div>\n\t\t\t\t<\/div>","protected":false},"excerpt":{"rendered":"<p>Le CDI est en France un lieu incontournable des coll\u00e8ges et des lyc\u00e9es, et c\u2019est beaucoup plus qu\u2019une biblioth\u00e8que : il s\u2019ins\u00e8re pleinement dans le projet p\u00e9dagogique de l\u2019\u00e9tablissement. Le CDI du Lyc\u00e9e Victor Hugo est g\u00e9r\u00e9 par la Professeure Documentaliste,\u00a0Mme\u00a0Serena TELESCA. Il \u00a0offre un fonds documentaire que les \u00e9l\u00e8ves peuvent venir consulter, soit pendant [&hellip;]<\/p>\n","protected":false},"author":1,"featured_media":0,"parent":307,"menu_order":0,"comment_status":"closed","ping_status":"closed","template":"","meta":{"footnotes":""},"class_list":["post-351","page","type-page","status-publish","hentry"],"_links":{"self":[{"href":"https:\/\/wwwvhugo.dev2.mlfmonde.org\/en\/wp-json\/wp\/v2\/pages\/351","targetHints":{"allow":["GET"]}}],"collection":[{"href":"https:\/\/wwwvhugo.dev2.mlfmonde.org\/en\/wp-json\/wp\/v2\/pages"}],"about":[{"href":"https:\/\/wwwvhugo.dev2.mlfmonde.org\/en\/wp-json\/wp\/v2\/types\/page"}],"author":[{"embeddable":true,"href":"https:\/\/wwwvhugo.dev2.mlfmonde.org\/en\/wp-json\/wp\/v2\/users\/1"}],"replies":[{"embeddable":true,"href":"https:\/\/wwwvhugo.dev2.mlfmonde.org\/en\/wp-json\/wp\/v2\/comments?post=351"}],"version-history":[{"count":13,"href":"https:\/\/wwwvhugo.dev2.mlfmonde.org\/en\/wp-json\/wp\/v2\/pages\/351\/revisions"}],"predecessor-version":[{"id":555,"href":"https:\/\/wwwvhugo.dev2.mlfmonde.org\/en\/wp-json\/wp\/v2\/pages\/351\/revisions\/555"}],"up":[{"embeddable":true,"href":"https:\/\/wwwvhugo.dev2.mlfmonde.org\/en\/wp-json\/wp\/v2\/pages\/307"}],"wp:attachment":[{"href":"https:\/\/wwwvhugo.dev2.mlfmonde.org\/en\/wp-json\/wp\/v2\/media?parent=351"}],"curies":[{"name":"wp","href":"https:\/\/api.w.org\/{rel}","templated":true}]}}