{"id":398,"date":"2025-05-15T09:23:12","date_gmt":"2025-05-15T09:23:12","guid":{"rendered":"https:\/\/vhugo.im-nomade.com\/?page_id=398"},"modified":"2025-05-15T09:23:50","modified_gmt":"2025-05-15T09:23:50","slug":"blog-maternelle","status":"publish","type":"page","link":"https:\/\/wwwvhugo.dev2.mlfmonde.org\/en\/la-vie-au-lycee-vh\/blog-maternelle\/","title":{"rendered":"Blog maternelle"},"content":{"rendered":"<div data-elementor-type=\"wp-page\" data-elementor-id=\"398\" class=\"elementor elementor-398\" data-elementor-post-type=\"page\">\n\t\t\t\t<div class=\"elementor-element elementor-element-f60e6c4 e-flex e-con-boxed e-con e-parent\" data-id=\"f60e6c4\" data-element_type=\"container\" data-e-type=\"container\">\n\t\t\t\t\t<div class=\"e-con-inner\">\n\t\t\t\t<div class=\"elementor-element elementor-element-cffcbff elementor-widget elementor-widget-image\" data-id=\"cffcbff\" data-element_type=\"widget\" data-e-type=\"widget\" data-widget_type=\"image.default\">\n\t\t\t\t\t\t\t\t\t\t\t\t\t\t\t<img fetchpriority=\"high\" decoding=\"async\" width=\"800\" height=\"363\" src=\"https:\/\/wwwvhugo.dev2.mlfmonde.org\/wp-content\/uploads\/2025\/05\/image-8-1024x464.png\" class=\"attachment-large size-large wp-image-400\" alt=\"\" srcset=\"https:\/\/wwwvhugo.dev2.mlfmonde.org\/wp-content\/uploads\/2025\/05\/image-8-1024x464.png 1024w, https:\/\/wwwvhugo.dev2.mlfmonde.org\/wp-content\/uploads\/2025\/05\/image-8-300x136.png 300w, https:\/\/wwwvhugo.dev2.mlfmonde.org\/wp-content\/uploads\/2025\/05\/image-8-768x348.png 768w, https:\/\/wwwvhugo.dev2.mlfmonde.org\/wp-content\/uploads\/2025\/05\/image-8-18x8.png 18w, https:\/\/wwwvhugo.dev2.mlfmonde.org\/wp-content\/uploads\/2025\/05\/image-8.png 1217w\" sizes=\"(max-width: 800px) 100vw, 800px\" \/>\t\t\t\t\t\t\t\t\t\t\t\t\t\t\t<\/div>\n\t\t\t\t<div class=\"elementor-element elementor-element-0ddddc3 elementor-widget elementor-widget-text-editor\" data-id=\"0ddddc3\" data-element_type=\"widget\" data-e-type=\"widget\" data-widget_type=\"text-editor.default\">\n\t\t\t\t\t\t\t\t\t<p>\u00ab Le blog des maternelles https:\/\/matervictorhugo.wordpress.com \/ rassemble les moments de la vie des classes, avec des photos, des r\u00e9cits, des chants, des comptines, les jeux de doigts.<\/p><p>Son acc\u00e8s est limit\u00e9 aux parents de maternelle et s\u00e9curis\u00e9 par un mot de passe. Pour demander l\u2019acc\u00e8s, merci d\u2019envoyer un mail \u00e0 marine.droux@mlfmonde.org \u00bb<\/p>\t\t\t\t\t\t\t\t<\/div>\n\t\t\t\t\t<\/div>\n\t\t\t\t<\/div>\n\t\t\t\t<\/div>","protected":false},"excerpt":{"rendered":"<p>\u00ab Le blog des maternelles https:\/\/matervictorhugo.wordpress.com \/ rassemble les moments de la vie des classes, avec des photos, des r\u00e9cits, des chants, des comptines, les jeux de doigts. Son acc\u00e8s est limit\u00e9 aux parents de maternelle et s\u00e9curis\u00e9 par un mot de passe. Pour demander l\u2019acc\u00e8s, merci d\u2019envoyer un mail \u00e0 marine.droux@mlfmonde.org \u00bb<\/p>","protected":false},"author":1,"featured_media":0,"parent":334,"menu_order":0,"comment_status":"closed","ping_status":"closed","template":"","meta":{"footnotes":""},"class_list":["post-398","page","type-page","status-publish","hentry"],"_links":{"self":[{"href":"https:\/\/wwwvhugo.dev2.mlfmonde.org\/en\/wp-json\/wp\/v2\/pages\/398","targetHints":{"allow":["GET"]}}],"collection":[{"href":"https:\/\/wwwvhugo.dev2.mlfmonde.org\/en\/wp-json\/wp\/v2\/pages"}],"about":[{"href":"https:\/\/wwwvhugo.dev2.mlfmonde.org\/en\/wp-json\/wp\/v2\/types\/page"}],"author":[{"embeddable":true,"href":"https:\/\/wwwvhugo.dev2.mlfmonde.org\/en\/wp-json\/wp\/v2\/users\/1"}],"replies":[{"embeddable":true,"href":"https:\/\/wwwvhugo.dev2.mlfmonde.org\/en\/wp-json\/wp\/v2\/comments?post=398"}],"version-history":[{"count":4,"href":"https:\/\/wwwvhugo.dev2.mlfmonde.org\/en\/wp-json\/wp\/v2\/pages\/398\/revisions"}],"predecessor-version":[{"id":403,"href":"https:\/\/wwwvhugo.dev2.mlfmonde.org\/en\/wp-json\/wp\/v2\/pages\/398\/revisions\/403"}],"up":[{"embeddable":true,"href":"https:\/\/wwwvhugo.dev2.mlfmonde.org\/en\/wp-json\/wp\/v2\/pages\/334"}],"wp:attachment":[{"href":"https:\/\/wwwvhugo.dev2.mlfmonde.org\/en\/wp-json\/wp\/v2\/media?parent=398"}],"curies":[{"name":"wp","href":"https:\/\/api.w.org\/{rel}","templated":true}]}}