{"id":411,"date":"2025-05-15T09:45:43","date_gmt":"2025-05-15T09:45:43","guid":{"rendered":"https:\/\/vhugo.im-nomade.com\/?page_id=411"},"modified":"2025-05-15T09:46:18","modified_gmt":"2025-05-15T09:46:18","slug":"webradio","status":"publish","type":"page","link":"https:\/\/wwwvhugo.dev2.mlfmonde.org\/en\/la-vie-au-lycee-vh\/webradio\/","title":{"rendered":"WebRadio"},"content":{"rendered":"<div data-elementor-type=\"wp-page\" data-elementor-id=\"411\" class=\"elementor elementor-411\" data-elementor-post-type=\"page\">\n\t\t\t\t<div class=\"elementor-element elementor-element-361e87c e-flex e-con-boxed e-con e-parent\" data-id=\"361e87c\" data-element_type=\"container\" data-e-type=\"container\">\n\t\t\t\t\t<div class=\"e-con-inner\">\n\t\t\t\t<div class=\"elementor-element elementor-element-3918dae elementor-widget elementor-widget-text-editor\" data-id=\"3918dae\" data-element_type=\"widget\" data-e-type=\"widget\" data-widget_type=\"text-editor.default\">\n\t\t\t\t\t\t\t\t\tL\u2019\u00e9cole ouvre d\u00e9but septembre et ferme fin juin. G\u00e9n\u00e9ralement, le rythme du calendrier est 7\nsemaines de cours\/ 2 semaines de vacances en d\u00e9but novembre, fin  d\u00e9cembre, en f\u00e9vrier et au\nprintemps. Les cours ont lieu du lundi au vendredi en journ\u00e9es compl\u00e8tes sauf le mercredi o\u00f9 les\ncours ne sont assur\u00e9s que le matin. Des activit\u00e9s extra-scolaires ou une garderie sont propos\u00e9s au\nplus jeunes. Des devoirs peuvent avoir lieu pour les lyc\u00e9ens.\t\t\t\t\t\t\t\t<\/div>\n\t\t\t\t<div class=\"elementor-element elementor-element-63c9f0e elementor-widget elementor-widget-image\" data-id=\"63c9f0e\" data-element_type=\"widget\" data-e-type=\"widget\" data-widget_type=\"image.default\">\n\t\t\t\t\t\t\t\t\t\t\t\t\t\t\t<img fetchpriority=\"high\" decoding=\"async\" width=\"768\" height=\"480\" src=\"https:\/\/wwwvhugo.dev2.mlfmonde.org\/wp-content\/uploads\/2025\/05\/20190117_102336-768x480-1.jpg\" class=\"attachment-large size-large wp-image-413\" alt=\"\" srcset=\"https:\/\/wwwvhugo.dev2.mlfmonde.org\/wp-content\/uploads\/2025\/05\/20190117_102336-768x480-1.jpg 768w, https:\/\/wwwvhugo.dev2.mlfmonde.org\/wp-content\/uploads\/2025\/05\/20190117_102336-768x480-1-300x188.jpg 300w, https:\/\/wwwvhugo.dev2.mlfmonde.org\/wp-content\/uploads\/2025\/05\/20190117_102336-768x480-1-18x12.jpg 18w\" sizes=\"(max-width: 768px) 100vw, 768px\" \/>\t\t\t\t\t\t\t\t\t\t\t\t\t\t\t<\/div>\n\t\t\t\t\t<\/div>\n\t\t\t\t<\/div>\n\t\t\t\t<\/div>","protected":false},"excerpt":{"rendered":"<p>L\u2019\u00e9cole ouvre d\u00e9but septembre et ferme fin juin. G\u00e9n\u00e9ralement, le rythme du calendrier est 7 semaines de cours\/ 2 semaines de vacances en d\u00e9but novembre, fin d\u00e9cembre, en f\u00e9vrier et au printemps. Les cours ont lieu du lundi au vendredi en journ\u00e9es compl\u00e8tes sauf le mercredi o\u00f9 les cours ne sont assur\u00e9s que le matin. [&hellip;]<\/p>\n","protected":false},"author":1,"featured_media":0,"parent":334,"menu_order":0,"comment_status":"closed","ping_status":"closed","template":"","meta":{"footnotes":""},"class_list":["post-411","page","type-page","status-publish","hentry"],"_links":{"self":[{"href":"https:\/\/wwwvhugo.dev2.mlfmonde.org\/en\/wp-json\/wp\/v2\/pages\/411","targetHints":{"allow":["GET"]}}],"collection":[{"href":"https:\/\/wwwvhugo.dev2.mlfmonde.org\/en\/wp-json\/wp\/v2\/pages"}],"about":[{"href":"https:\/\/wwwvhugo.dev2.mlfmonde.org\/en\/wp-json\/wp\/v2\/types\/page"}],"author":[{"embeddable":true,"href":"https:\/\/wwwvhugo.dev2.mlfmonde.org\/en\/wp-json\/wp\/v2\/users\/1"}],"replies":[{"embeddable":true,"href":"https:\/\/wwwvhugo.dev2.mlfmonde.org\/en\/wp-json\/wp\/v2\/comments?post=411"}],"version-history":[{"count":4,"href":"https:\/\/wwwvhugo.dev2.mlfmonde.org\/en\/wp-json\/wp\/v2\/pages\/411\/revisions"}],"predecessor-version":[{"id":416,"href":"https:\/\/wwwvhugo.dev2.mlfmonde.org\/en\/wp-json\/wp\/v2\/pages\/411\/revisions\/416"}],"up":[{"embeddable":true,"href":"https:\/\/wwwvhugo.dev2.mlfmonde.org\/en\/wp-json\/wp\/v2\/pages\/334"}],"wp:attachment":[{"href":"https:\/\/wwwvhugo.dev2.mlfmonde.org\/en\/wp-json\/wp\/v2\/media?parent=411"}],"curies":[{"name":"wp","href":"https:\/\/api.w.org\/{rel}","templated":true}]}}