{"id":299,"date":"2025-05-09T14:21:49","date_gmt":"2025-05-09T14:21:49","guid":{"rendered":"https:\/\/vhugo.im-nomade.com\/?page_id=299"},"modified":"2025-08-11T16:21:50","modified_gmt":"2025-08-11T16:21:50","slug":"baccalaureat-francais","status":"publish","type":"page","link":"https:\/\/wwwvhugo.dev2.mlfmonde.org\/it\/offre-de-formation\/baccalaureat-francais\/","title":{"rendered":"Baccalaureato francese"},"content":{"rendered":"<div data-elementor-type=\"wp-page\" data-elementor-id=\"299\" class=\"elementor elementor-299\" data-elementor-post-type=\"page\">\n\t\t\t\t<div class=\"elementor-element elementor-element-01ef31f e-flex e-con-boxed e-con e-parent\" data-id=\"01ef31f\" data-element_type=\"container\" data-e-type=\"container\">\n\t\t\t\t\t<div class=\"e-con-inner\">\n\t\t\t\t<div class=\"elementor-element elementor-element-e375a4b elementor-widget elementor-widget-heading\" data-id=\"e375a4b\" data-element_type=\"widget\" data-e-type=\"widget\" data-widget_type=\"heading.default\">\n\t\t\t\t\t<h2 class=\"elementor-heading-title elementor-size-default\">L\u2019organisation des enseignements :\n\n<\/h2>\t\t\t\t<\/div>\n\t\t\t\t<div class=\"elementor-element elementor-element-3f9a7ed elementor-widget elementor-widget-text-editor\" data-id=\"3f9a7ed\" data-element_type=\"widget\" data-e-type=\"widget\" data-widget_type=\"text-editor.default\">\n\t\t\t\t\t\t\t\t\t<p>A partir de la 1\u00e8re, les \u00e9l\u00e8ves effectuent le choix de leurs enseignements de sp\u00e9cialit\u00e9 parmi : Humanit\u00e9s, Lettres, Philosophie \u2013 Sciences Economiques et Sociales \u2013 Langue et Litt\u00e9rature Etrang\u00e8re (anglais) \u2013 Math\u00e9matiques \u2013 Sciences Physiques et Chimie \u2013 Sciences de la Vie et de la Terre<\/p><p>L\u2019offre sera amen\u00e9e \u00e0 progresser dans les prochaines ann\u00e9es<\/p><p>Les \u00e9l\u00e8ves peuvent \u00e9galement opter pour des enseignements facultatifs\u00a0: Langues et Cultures de l\u2019Antiquit\u00e9 et Langue vivante 3 (initi\u00e9e en 4e, mandarin, espagnol ou allemand).<\/p><p><span style=\"font-family: -apple-system, BlinkMacSystemFont, 'Segoe UI', Roboto, 'Helvetica Neue', Arial, 'Noto Sans', sans-serif, 'Apple Color Emoji', 'Segoe UI Emoji', 'Segoe UI Symbol', 'Noto Color Emoji';\">.<\/span><\/p>\t\t\t\t\t\t\t\t<\/div>\n\t\t\t\t<div class=\"elementor-element elementor-element-88e36d5 elementor-widget elementor-widget-heading\" data-id=\"88e36d5\" data-element_type=\"widget\" data-e-type=\"widget\" data-widget_type=\"heading.default\">\n\t\t\t\t\t<h2 class=\"elementor-heading-title elementor-size-default\">Les examens\n\n\n<\/h2>\t\t\t\t<\/div>\n\t\t\t\t<div class=\"elementor-element elementor-element-282b739 elementor-widget elementor-widget-text-editor\" data-id=\"282b739\" data-element_type=\"widget\" data-e-type=\"widget\" data-widget_type=\"text-editor.default\">\n\t\t\t\t\t\t\t\t\t<p>La d\u00e9livrance du Baccalaur\u00e9at est soumise aux conditions d\u2019\u00e9valuation suivantes\u00a0:<\/p>\t\t\t\t\t\t\t\t<\/div>\n\t\t\t\t\t<\/div>\n\t\t\t\t<\/div>\n\t\t<div class=\"elementor-element elementor-element-f057496 e-flex e-con-boxed e-con e-parent\" data-id=\"f057496\" data-element_type=\"container\" data-e-type=\"container\">\n\t\t\t\t\t<div class=\"e-con-inner\">\n\t\t<div class=\"elementor-element elementor-element-d10d3c9 e-con-full e-flex e-con e-child\" data-id=\"d10d3c9\" data-element_type=\"container\" data-e-type=\"container\" data-settings=\"{&quot;background_background&quot;:&quot;classic&quot;}\">\n\t\t<div class=\"elementor-element elementor-element-b4aa7b2 e-con-full e-flex e-con e-child\" data-id=\"b4aa7b2\" data-element_type=\"container\" data-e-type=\"container\">\n\t\t\t\t<div class=\"elementor-element elementor-element-de10af7 elementor-widget elementor-widget-heading\" data-id=\"de10af7\" data-element_type=\"widget\" data-e-type=\"widget\" data-widget_type=\"heading.default\">\n\t\t\t\t\t<h2 class=\"elementor-heading-title elementor-size-default\">Les examens\n<\/h2>\t\t\t\t<\/div>\n\t\t\t\t<div class=\"elementor-element elementor-element-f648bd3 elementor-widget elementor-widget-text-editor\" data-id=\"f648bd3\" data-element_type=\"widget\" data-e-type=\"widget\" data-widget_type=\"text-editor.default\">\n\t\t\t\t\t\t\t\t\t<p>La d\u00e9livrance du Baccalaur\u00e9at est soumise aux conditions d\u2019\u00e9valuation suivantes\u00a0:<\/p>\t\t\t\t\t\t\t\t<\/div>\n\t\t\t\t<div class=\"elementor-element elementor-element-2f75c00 elementor-widget elementor-widget-text-editor\" data-id=\"2f75c00\" data-element_type=\"widget\" data-e-type=\"widget\" data-widget_type=\"text-editor.default\">\n\t\t\t\t\t\t\t\t\t<p><b>Quels sont les principaux avantages du Baccalaur\u00e9at fran\u00e7ais ?<\/b><\/p><p>Le tronc commun et la diversit\u00e9 des branches permettent d\u2019acqu\u00e9rir une vaste culture g\u00e9n\u00e9rale.<\/p><p>Le choix de sp\u00e9cialit\u00e9s permet en outre une orientation post bac en fonction des aptitudes et des projets universitaires ;<\/p><p>\u00a0<\/p>\t\t\t\t\t\t\t\t<\/div>\n\t\t\t\t<\/div>\n\t\t<div class=\"elementor-element elementor-element-c6ed9f2 e-con-full e-flex e-con e-child\" data-id=\"c6ed9f2\" data-element_type=\"container\" data-e-type=\"container\">\n\t\t<div class=\"elementor-element elementor-element-8dff166 e-con-full animated-fast e-flex elementor-invisible e-con e-child\" data-id=\"8dff166\" data-element_type=\"container\" data-e-type=\"container\" data-settings=\"{&quot;animation&quot;:&quot;fadeInRight&quot;}\">\n\t\t\t\t<div class=\"elementor-element elementor-element-fa08576 elementor-widget elementor-widget-heading\" data-id=\"fa08576\" data-element_type=\"widget\" data-e-type=\"widget\" data-widget_type=\"heading.default\">\n\t\t\t\t\t<h2 class=\"elementor-heading-title elementor-size-default\">Contr\u00f4le continu\u00a0<\/h2>\t\t\t\t<\/div>\n\t\t\t\t<div class=\"elementor-element elementor-element-2238b6a elementor-widget elementor-widget-text-editor\" data-id=\"2238b6a\" data-element_type=\"widget\" data-e-type=\"widget\" data-widget_type=\"text-editor.default\">\n\t\t\t\t\t\t\t\t\t<p>Moyenne des notes obtenues dans les disciplines du tronc commun en premi\u00e8re et terminale qui repr\u00e9sente 10% de la note finale<\/p>\t\t\t\t\t\t\t\t<\/div>\n\t\t\t\t<div class=\"elementor-element elementor-element-e781208 elementor-widget-divider--view-line elementor-widget elementor-widget-divider\" data-id=\"e781208\" data-element_type=\"widget\" data-e-type=\"widget\" data-widget_type=\"divider.default\">\n\t\t\t\t\t\t\t<div class=\"elementor-divider\">\n\t\t\t<span class=\"elementor-divider-separator\">\n\t\t\t\t\t\t<\/span>\n\t\t<\/div>\n\t\t\t\t\t\t<\/div>\n\t\t\t\t<\/div>\n\t\t<div class=\"elementor-element elementor-element-b62bf3a e-con-full animated-fast e-flex elementor-invisible e-con e-child\" data-id=\"b62bf3a\" data-element_type=\"container\" data-e-type=\"container\" data-settings=\"{&quot;animation&quot;:&quot;fadeInRight&quot;}\">\n\t\t\t\t<div class=\"elementor-element elementor-element-7c15165 elementor-widget elementor-widget-heading\" data-id=\"7c15165\" data-element_type=\"widget\" data-e-type=\"widget\" data-widget_type=\"heading.default\">\n\t\t\t\t\t<h2 class=\"elementor-heading-title elementor-size-default\">Epreuves communes<\/h2>\t\t\t\t<\/div>\n\t\t\t\t<div class=\"elementor-element elementor-element-2b1acbc elementor-widget elementor-widget-text-editor\" data-id=\"2b1acbc\" data-element_type=\"widget\" data-e-type=\"widget\" data-widget_type=\"text-editor.default\">\n\t\t\t\t\t\t\t\t\t<p>Organis\u00e9es en 1ere (deux sessions) et terminale (une session) : la moyenne des notes obtenues repr\u00e9sente 30 % de l\u2019\u00e9valuation finale. Ces \u00e9preuves portent sur les disciplines suivantes : Histoire-g\u00e9ographie\/EMC \u2013 Langues vivantes 1 et 2 \u2013 Enseignement Scientifique \u2013 Enseignements de sp\u00e9cialit\u00e9. L\u2019\u00e9ducation physique et sportive, obligatoire, est \u00e9valu\u00e9e trimestriellement.<\/p>\t\t\t\t\t\t\t\t<\/div>\n\t\t\t\t<div class=\"elementor-element elementor-element-c77d03a elementor-widget-divider--view-line elementor-widget elementor-widget-divider\" data-id=\"c77d03a\" data-element_type=\"widget\" data-e-type=\"widget\" data-widget_type=\"divider.default\">\n\t\t\t\t\t\t\t<div class=\"elementor-divider\">\n\t\t\t<span class=\"elementor-divider-separator\">\n\t\t\t\t\t\t<\/span>\n\t\t<\/div>\n\t\t\t\t\t\t<\/div>\n\t\t\t\t<\/div>\n\t\t<div class=\"elementor-element elementor-element-2529ebb e-con-full animated-fast e-flex elementor-invisible e-con e-child\" data-id=\"2529ebb\" data-element_type=\"container\" data-e-type=\"container\" data-settings=\"{&quot;animation&quot;:&quot;fadeInRight&quot;}\">\n\t\t\t\t<div class=\"elementor-element elementor-element-1442bde elementor-widget elementor-widget-heading\" data-id=\"1442bde\" data-element_type=\"widget\" data-e-type=\"widget\" data-widget_type=\"heading.default\">\n\t\t\t\t\t<h2 class=\"elementor-heading-title elementor-size-default\">Epreuves \u00e9crites en 1ere<\/h2>\t\t\t\t<\/div>\n\t\t\t\t<div class=\"elementor-element elementor-element-52cd1cc elementor-widget elementor-widget-text-editor\" data-id=\"52cd1cc\" data-element_type=\"widget\" data-e-type=\"widget\" data-widget_type=\"text-editor.default\">\n\t\t\t\t\t\t\t\t\t<p>Epreuves \u00e9crites et orales de Fran\u00e7ais en premi\u00e8re (\u00e9crit de 4h coeff 5 et oral de 20 minutes coeff 5)<\/p>\t\t\t\t\t\t\t\t<\/div>\n\t\t\t\t<div class=\"elementor-element elementor-element-e6ee584 elementor-widget-divider--view-line elementor-widget elementor-widget-divider\" data-id=\"e6ee584\" data-element_type=\"widget\" data-e-type=\"widget\" data-widget_type=\"divider.default\">\n\t\t\t\t\t\t\t<div class=\"elementor-divider\">\n\t\t\t<span class=\"elementor-divider-separator\">\n\t\t\t\t\t\t<\/span>\n\t\t<\/div>\n\t\t\t\t\t\t<\/div>\n\t\t\t\t<\/div>\n\t\t<div class=\"elementor-element elementor-element-c9fdaac e-con-full animated-fast e-flex elementor-invisible e-con e-child\" data-id=\"c9fdaac\" data-element_type=\"container\" data-e-type=\"container\" data-settings=\"{&quot;animation&quot;:&quot;fadeInRight&quot;}\">\n\t\t\t\t<div class=\"elementor-element elementor-element-3a5d72f elementor-widget elementor-widget-heading\" data-id=\"3a5d72f\" data-element_type=\"widget\" data-e-type=\"widget\" data-widget_type=\"heading.default\">\n\t\t\t\t\t<h2 class=\"elementor-heading-title elementor-size-default\">Epreuves \u00e9crites en Terminale<\/h2>\t\t\t\t<\/div>\n\t\t\t\t<div class=\"elementor-element elementor-element-ef6a4c3 elementor-widget elementor-widget-text-editor\" data-id=\"ef6a4c3\" data-element_type=\"widget\" data-e-type=\"widget\" data-widget_type=\"text-editor.default\">\n\t\t\t\t\t\t\t\t\t<p>Philosophie (\u00e9crit \u2013 4h coeff 8) \u2013 deux enseignements de sp\u00e9cialit\u00e9 (chacun affect\u00e9 du coefficient 16 \u2013 \u00e9preuves \u00e9crites de 4h et une \u00e9preuve orale, coeff 10)<\/p>\t\t\t\t\t\t\t\t<\/div>\n\t\t\t\t<div class=\"elementor-element elementor-element-a8a3cef elementor-widget-divider--view-line elementor-widget elementor-widget-divider\" data-id=\"a8a3cef\" data-element_type=\"widget\" data-e-type=\"widget\" data-widget_type=\"divider.default\">\n\t\t\t\t\t\t\t<div class=\"elementor-divider\">\n\t\t\t<span class=\"elementor-divider-separator\">\n\t\t\t\t\t\t<\/span>\n\t\t<\/div>\n\t\t\t\t\t\t<\/div>\n\t\t\t\t<\/div>\n\t\t\t\t<\/div>\n\t\t\t\t<\/div>\n\t\t\t\t\t<\/div>\n\t\t\t\t<\/div>\n\t\t\t\t<\/div>","protected":false},"excerpt":{"rendered":"<p>L\u2019organisation des enseignements : A partir de la 1\u00e8re, les \u00e9l\u00e8ves effectuent le choix de leurs enseignements de sp\u00e9cialit\u00e9 parmi : Humanit\u00e9s, Lettres, Philosophie \u2013 Sciences Economiques et Sociales \u2013 Langue et Litt\u00e9rature Etrang\u00e8re (anglais) \u2013 Math\u00e9matiques \u2013 Sciences Physiques et Chimie \u2013 Sciences de la Vie et de la Terre L\u2019offre sera amen\u00e9e \u00e0 [&hellip;]<\/p>\n","protected":false},"author":1,"featured_media":0,"parent":255,"menu_order":0,"comment_status":"closed","ping_status":"closed","template":"","meta":{"footnotes":""},"class_list":["post-299","page","type-page","status-publish","hentry"],"_links":{"self":[{"href":"https:\/\/wwwvhugo.dev2.mlfmonde.org\/it\/wp-json\/wp\/v2\/pages\/299","targetHints":{"allow":["GET"]}}],"collection":[{"href":"https:\/\/wwwvhugo.dev2.mlfmonde.org\/it\/wp-json\/wp\/v2\/pages"}],"about":[{"href":"https:\/\/wwwvhugo.dev2.mlfmonde.org\/it\/wp-json\/wp\/v2\/types\/page"}],"author":[{"embeddable":true,"href":"https:\/\/wwwvhugo.dev2.mlfmonde.org\/it\/wp-json\/wp\/v2\/users\/1"}],"replies":[{"embeddable":true,"href":"https:\/\/wwwvhugo.dev2.mlfmonde.org\/it\/wp-json\/wp\/v2\/comments?post=299"}],"version-history":[{"count":7,"href":"https:\/\/wwwvhugo.dev2.mlfmonde.org\/it\/wp-json\/wp\/v2\/pages\/299\/revisions"}],"predecessor-version":[{"id":536,"href":"https:\/\/wwwvhugo.dev2.mlfmonde.org\/it\/wp-json\/wp\/v2\/pages\/299\/revisions\/536"}],"up":[{"embeddable":true,"href":"https:\/\/wwwvhugo.dev2.mlfmonde.org\/it\/wp-json\/wp\/v2\/pages\/255"}],"wp:attachment":[{"href":"https:\/\/wwwvhugo.dev2.mlfmonde.org\/it\/wp-json\/wp\/v2\/media?parent=299"}],"curies":[{"name":"wp","href":"https:\/\/api.w.org\/{rel}","templated":true}]}}