{"id":344,"date":"2025-05-14T09:35:38","date_gmt":"2025-05-14T09:35:38","guid":{"rendered":"https:\/\/vhugo.im-nomade.com\/?page_id=344"},"modified":"2025-08-11T16:30:39","modified_gmt":"2025-08-11T16:30:39","slug":"cantine","status":"publish","type":"page","link":"https:\/\/wwwvhugo.dev2.mlfmonde.org\/it\/vie-scolaire-extra\/cantine\/","title":{"rendered":"Mensa"},"content":{"rendered":"<div data-elementor-type=\"wp-page\" data-elementor-id=\"344\" class=\"elementor elementor-344\" data-elementor-post-type=\"page\">\n\t\t\t\t<div class=\"elementor-element elementor-element-79068d2 e-flex e-con-boxed e-con e-parent\" data-id=\"79068d2\" data-element_type=\"container\" data-e-type=\"container\">\n\t\t\t\t\t<div class=\"e-con-inner\">\n\t\t\t\t<div class=\"elementor-element elementor-element-6f8ad05 elementor-widget elementor-widget-text-editor\" data-id=\"6f8ad05\" data-element_type=\"widget\" data-e-type=\"widget\" data-widget_type=\"text-editor.default\">\n\t\t\t\t\t\t\t\t\t<p>L\u2019\u00e9quipe de restauration, pilot\u00e9e par M. Emanuele Menchetti, s\u2019attache chaque jour \u00e0 une pr\u00e9paration de repas \u00e9quilibr\u00e9s, \u00e0 base de produits d\u2019origine certifi\u00e9es. Dans le respect le plus rigoureux des normes d\u2019hygi\u00e8ne et de s\u00e9curit\u00e9.<\/p><p>Une \u00ab\u00a0commission alimentation \u00bb, \u00e0 laquelle participent des repr\u00e9sentants des \u00e9l\u00e8ves, des parents et des personnels, veille \u00e0 la composition de repas diversifi\u00e9s, et propose des repas \u00e0 th\u00e8me.<\/p><p>Menu pour la p\u00e9riode: mai 2025<\/p>\t\t\t\t\t\t\t\t<\/div>\n\t\t<div class=\"elementor-element elementor-element-65ca4bc e-con-full e-flex e-con e-child\" data-id=\"65ca4bc\" data-element_type=\"container\" data-e-type=\"container\">\n\t\t\t\t<div class=\"elementor-element elementor-element-a014964 elementor-widget elementor-widget-button\" data-id=\"a014964\" data-element_type=\"widget\" data-e-type=\"widget\" data-widget_type=\"button.default\">\n\t\t\t\t\t\t\t\t\t\t<a class=\"elementor-button elementor-button-link elementor-size-sm\" href=\"https:\/\/wwwvhugo.dev2.mlfmonde.org\/wp-content\/uploads\/2025\/05\/menu-maggio-Foglio1.pdf\">\n\t\t\t\t\t\t<span class=\"elementor-button-content-wrapper\">\n\t\t\t\t\t\t\t\t\t<span class=\"elementor-button-text\">Menu cantine<\/span>\n\t\t\t\t\t<\/span>\n\t\t\t\t\t<\/a>\n\t\t\t\t\t\t\t\t<\/div>\n\t\t\t\t<div class=\"elementor-element elementor-element-45140e4 elementor-widget elementor-widget-button\" data-id=\"45140e4\" data-element_type=\"widget\" data-e-type=\"widget\" data-widget_type=\"button.default\">\n\t\t\t\t\t\t\t\t\t\t<a class=\"elementor-button elementor-button-link elementor-size-sm\" href=\"https:\/\/wwwvhugo.dev2.mlfmonde.org\/wp-content\/uploads\/2025\/05\/menu-merende-maggio-giugno.pdf\">\n\t\t\t\t\t\t<span class=\"elementor-button-content-wrapper\">\n\t\t\t\t\t\t\t\t\t<span class=\"elementor-button-text\">Menu gouter<\/span>\n\t\t\t\t\t<\/span>\n\t\t\t\t\t<\/a>\n\t\t\t\t\t\t\t\t<\/div>\n\t\t\t\t<\/div>\n\t\t\t\t\t<\/div>\n\t\t\t\t<\/div>\n\t\t\t\t<\/div>","protected":false},"excerpt":{"rendered":"<p>L\u2019\u00e9quipe de restauration, pilot\u00e9e par M. Emanuele Menchetti, s\u2019attache chaque jour \u00e0 une pr\u00e9paration de repas \u00e9quilibr\u00e9s, \u00e0 base de produits d\u2019origine certifi\u00e9es. Dans le respect le plus rigoureux des normes d\u2019hygi\u00e8ne et de s\u00e9curit\u00e9. Une \u00ab\u00a0commission alimentation \u00bb, \u00e0 laquelle participent des repr\u00e9sentants des \u00e9l\u00e8ves, des parents et des personnels, veille \u00e0 la composition [&hellip;]<\/p>\n","protected":false},"author":1,"featured_media":0,"parent":307,"menu_order":0,"comment_status":"closed","ping_status":"closed","template":"","meta":{"footnotes":""},"class_list":["post-344","page","type-page","status-publish","hentry"],"_links":{"self":[{"href":"https:\/\/wwwvhugo.dev2.mlfmonde.org\/it\/wp-json\/wp\/v2\/pages\/344","targetHints":{"allow":["GET"]}}],"collection":[{"href":"https:\/\/wwwvhugo.dev2.mlfmonde.org\/it\/wp-json\/wp\/v2\/pages"}],"about":[{"href":"https:\/\/wwwvhugo.dev2.mlfmonde.org\/it\/wp-json\/wp\/v2\/types\/page"}],"author":[{"embeddable":true,"href":"https:\/\/wwwvhugo.dev2.mlfmonde.org\/it\/wp-json\/wp\/v2\/users\/1"}],"replies":[{"embeddable":true,"href":"https:\/\/wwwvhugo.dev2.mlfmonde.org\/it\/wp-json\/wp\/v2\/comments?post=344"}],"version-history":[{"count":7,"href":"https:\/\/wwwvhugo.dev2.mlfmonde.org\/it\/wp-json\/wp\/v2\/pages\/344\/revisions"}],"predecessor-version":[{"id":545,"href":"https:\/\/wwwvhugo.dev2.mlfmonde.org\/it\/wp-json\/wp\/v2\/pages\/344\/revisions\/545"}],"up":[{"embeddable":true,"href":"https:\/\/wwwvhugo.dev2.mlfmonde.org\/it\/wp-json\/wp\/v2\/pages\/307"}],"wp:attachment":[{"href":"https:\/\/wwwvhugo.dev2.mlfmonde.org\/it\/wp-json\/wp\/v2\/media?parent=344"}],"curies":[{"name":"wp","href":"https:\/\/api.w.org\/{rel}","templated":true}]}}