{"id":361,"date":"2025-05-15T08:56:43","date_gmt":"2025-05-15T08:56:43","guid":{"rendered":"https:\/\/vhugo.im-nomade.com\/?page_id=361"},"modified":"2025-08-11T17:42:22","modified_gmt":"2025-08-11T17:42:22","slug":"tenue-scolaire","status":"publish","type":"page","link":"https:\/\/wwwvhugo.dev2.mlfmonde.org\/it\/la-vie-au-lycee-vh\/tenue-scolaire\/","title":{"rendered":"Tenue scolaire"},"content":{"rendered":"<div data-elementor-type=\"wp-page\" data-elementor-id=\"361\" class=\"elementor elementor-361\" data-elementor-post-type=\"page\">\n\t\t\t\t<div class=\"elementor-element elementor-element-2013176 e-flex e-con-boxed e-con e-parent\" data-id=\"2013176\" data-element_type=\"container\" data-e-type=\"container\">\n\t\t\t\t\t<div class=\"e-con-inner\">\n\t\t\t\t<div class=\"elementor-element elementor-element-faca226 elementor-widget elementor-widget-text-editor\" data-id=\"faca226\" data-element_type=\"widget\" data-e-type=\"widget\" data-widget_type=\"text-editor.default\">\n\t\t\t\t\t\t\t\t\t<p><strong>Tenue scolaire<\/strong><br \/>Le port de la tenue scolaire est obligatoire, elle doit \u00eatre propre et conforme \u00e0 la Charte de l\u2018uniforme. Tout \u00e9l\u00e8ve se pr\u00e9sentant avec une tenue non conforme ne sera pas accept\u00e9 en classe.<\/p><p>La tenue scolaire est compos\u00e9e de:<br \/><strong>Pour les cours en classe<\/strong><br \/>*Haut : avec logo de l\u2019\u00e9cole<br \/>Polo \/ chemise \/ T-shirt et\/ou pull<br \/>*Bas : bleu fonc\u00e9<br \/>Pour les gar\u00e7ons : pantalon\/bermuda<br \/>Pour les filles :<br \/>Pantalon\/bermuda ou jupe\/robe\/jupe-culotte<\/p><p><strong>Tenue de sport compl\u00e8te (obligatoire)<\/strong><br \/>Veste + pantalon + tee shirt<\/p><p><strong>O\u00f9 se procurer la tenue scolaire?<\/strong><\/p><p>BOUTIQUE FIRENZE<\/p><p>Palazzo Frescobaldi<\/p><p>Via Santo Spirito, 11<\/p><p>50125 Firenze<\/p><p>TEL. +39\/0556282130<\/p><p>\u00a0e-mail:\u00a0<em>firenze@school-uniforms.it<\/em><\/p>\t\t\t\t\t\t\t\t<\/div>\n\t\t\t\t<div class=\"elementor-element elementor-element-c2abeb6 elementor-widget elementor-widget-text-editor\" data-id=\"c2abeb6\" data-element_type=\"widget\" data-e-type=\"widget\" data-widget_type=\"text-editor.default\">\n\t\t\t\t\t\t\t\t\t<h3><strong>Tenue scolaire<\/strong><\/h3><p>Le port de la tenue scolaire est obligatoire, elle doit \u00eatre propre et conforme \u00e0 la Charte de l\u2018uniforme. Tout \u00e9l\u00e8ve se pr\u00e9sentant avec une tenue non conforme ne sera pas accept\u00e9 en classe.<\/p><p>La tenue scolaire est compos\u00e9e de:<\/p><ul><li><strong>Pour les cours en classe<\/strong><br \/>*Haut : avec logo de l\u2019\u00e9cole<br \/>Polo \/ chemise \/ T-shirt et\/ou pull<br \/>*Bas : bleu fonc\u00e9<\/li><li>Pour les gar\u00e7ons : pantalon\/bermuda<\/li><li>Pour les filles :<br \/>Pantalon\/bermuda ou jupe\/robe\/jupe-culotte<\/li><\/ul><p><strong>Tenue de sport compl\u00e8te (obligatoire)<\/strong><br \/>Veste + pantalon + tee shirt<\/p>\t\t\t\t\t\t\t\t<\/div>\n\t\t\t\t\t<\/div>\n\t\t\t\t<\/div>\n\t\t<div class=\"elementor-element elementor-element-57e1cc7 e-flex e-con-boxed e-con e-parent\" data-id=\"57e1cc7\" data-element_type=\"container\" data-e-type=\"container\">\n\t\t\t\t\t<div class=\"e-con-inner\">\n\t\t<div class=\"elementor-element elementor-element-c182caa e-con-full e-flex e-con e-child\" data-id=\"c182caa\" data-element_type=\"container\" data-e-type=\"container\">\n\t\t\t\t<div class=\"elementor-element elementor-element-0aca683 elementor-widget elementor-widget-heading\" data-id=\"0aca683\" data-element_type=\"widget\" data-e-type=\"widget\" data-widget_type=\"heading.default\">\n\t\t\t\t\t<h2 class=\"elementor-heading-title elementor-size-default\">O\u00f9 se procurer la tenue scolaire?<\/h2>\t\t\t\t<\/div>\n\t\t\t\t<div class=\"elementor-element elementor-element-4146ddd elementor-widget elementor-widget-text-editor\" data-id=\"4146ddd\" data-element_type=\"widget\" data-e-type=\"widget\" data-widget_type=\"text-editor.default\">\n\t\t\t\t\t\t\t\t\t<p><strong>BOUTIQUE FIRENZE<\/strong><\/p><ul><li>Palazzo Frescobaldi Via Santo Spirito, 11 &#8211; 50125 Firenze<\/li><li>TEL. +39\/0556282130<\/li><li>e-mail: <em style=\"font-family: -apple-system, BlinkMacSystemFont, 'Segoe UI', Roboto, 'Helvetica Neue', Arial, 'Noto Sans', sans-serif, 'Apple Color Emoji', 'Segoe UI Emoji', 'Segoe UI Symbol', 'Noto Color Emoji';\">firenze@school-uniforms.it<\/em><\/li><\/ul>\t\t\t\t\t\t\t\t<\/div>\n\t\t\t\t<\/div>\n\t\t<div class=\"elementor-element elementor-element-a902947 e-con-full e-flex e-con e-child\" data-id=\"a902947\" data-element_type=\"container\" data-e-type=\"container\">\n\t\t\t\t<div class=\"elementor-element elementor-element-743a3e6 elementor-widget elementor-widget-google_maps\" data-id=\"743a3e6\" data-element_type=\"widget\" data-e-type=\"widget\" data-widget_type=\"google_maps.default\">\n\t\t\t\t\t\t\t<div class=\"elementor-custom-embed\">\n\t\t\t<iframe loading=\"lazy\"\n\t\t\t\t\tsrc=\"https:\/\/maps.google.com\/maps?q=Palazzo%20frescobaldi&#038;t=m&#038;z=10&#038;output=embed&#038;iwloc=near\"\n\t\t\t\t\ttitle=\"Palazzo frescobaldi\"\n\t\t\t\t\taria-label=\"Palazzo frescobaldi\"\n\t\t\t><\/iframe>\n\t\t<\/div>\n\t\t\t\t\t\t<\/div>\n\t\t\t\t<\/div>\n\t\t\t\t\t<\/div>\n\t\t\t\t<\/div>\n\t\t\t\t<\/div>","protected":false},"excerpt":{"rendered":"<p>Tenue scolaireLe port de la tenue scolaire est obligatoire, elle doit \u00eatre propre et conforme \u00e0 la Charte de l\u2018uniforme. Tout \u00e9l\u00e8ve se pr\u00e9sentant avec une tenue non conforme ne sera pas accept\u00e9 en classe. La tenue scolaire est compos\u00e9e de:Pour les cours en classe*Haut : avec logo de l\u2019\u00e9colePolo \/ chemise \/ T-shirt et\/ou [&hellip;]<\/p>\n","protected":false},"author":1,"featured_media":0,"parent":334,"menu_order":0,"comment_status":"closed","ping_status":"closed","template":"","meta":{"footnotes":""},"class_list":["post-361","page","type-page","status-publish","hentry"],"_links":{"self":[{"href":"https:\/\/wwwvhugo.dev2.mlfmonde.org\/it\/wp-json\/wp\/v2\/pages\/361","targetHints":{"allow":["GET"]}}],"collection":[{"href":"https:\/\/wwwvhugo.dev2.mlfmonde.org\/it\/wp-json\/wp\/v2\/pages"}],"about":[{"href":"https:\/\/wwwvhugo.dev2.mlfmonde.org\/it\/wp-json\/wp\/v2\/types\/page"}],"author":[{"embeddable":true,"href":"https:\/\/wwwvhugo.dev2.mlfmonde.org\/it\/wp-json\/wp\/v2\/users\/1"}],"replies":[{"embeddable":true,"href":"https:\/\/wwwvhugo.dev2.mlfmonde.org\/it\/wp-json\/wp\/v2\/comments?post=361"}],"version-history":[{"count":7,"href":"https:\/\/wwwvhugo.dev2.mlfmonde.org\/it\/wp-json\/wp\/v2\/pages\/361\/revisions"}],"predecessor-version":[{"id":564,"href":"https:\/\/wwwvhugo.dev2.mlfmonde.org\/it\/wp-json\/wp\/v2\/pages\/361\/revisions\/564"}],"up":[{"embeddable":true,"href":"https:\/\/wwwvhugo.dev2.mlfmonde.org\/it\/wp-json\/wp\/v2\/pages\/334"}],"wp:attachment":[{"href":"https:\/\/wwwvhugo.dev2.mlfmonde.org\/it\/wp-json\/wp\/v2\/media?parent=361"}],"curies":[{"name":"wp","href":"https:\/\/api.w.org\/{rel}","templated":true}]}}