{"id":404,"date":"2025-05-15T09:43:59","date_gmt":"2025-05-15T09:43:59","guid":{"rendered":"https:\/\/vhugo.im-nomade.com\/?page_id=404"},"modified":"2025-08-11T17:39:09","modified_gmt":"2025-08-11T17:39:09","slug":"ambassadeurs-de-lart","status":"publish","type":"page","link":"https:\/\/wwwvhugo.dev2.mlfmonde.org\/it\/la-vie-au-lycee-vh\/ambassadeurs-de-lart\/","title":{"rendered":"Ambassadeurs de l\u2019Art"},"content":{"rendered":"<div data-elementor-type=\"wp-page\" data-elementor-id=\"404\" class=\"elementor elementor-404\" data-elementor-post-type=\"page\">\n\t\t\t\t<div class=\"elementor-element elementor-element-32c3e1f e-flex e-con-boxed e-con e-parent\" data-id=\"32c3e1f\" data-element_type=\"container\" data-e-type=\"container\">\n\t\t\t\t\t<div class=\"e-con-inner\">\n\t\t<div class=\"elementor-element elementor-element-f7373f0 e-con-full e-flex e-con e-child\" data-id=\"f7373f0\" data-element_type=\"container\" data-e-type=\"container\">\n\t\t\t\t<div class=\"elementor-element elementor-element-25afe8e elementor-widget elementor-widget-text-editor\" data-id=\"25afe8e\" data-element_type=\"widget\" data-e-type=\"widget\" data-widget_type=\"text-editor.default\">\n\t\t\t\t\t\t\t\t\t<p>Le lyc\u00e9e Victor Hugo de Florence avec le d\u00e9partement didactique du P\u00f4le Mus\u00e9al de la Galerie des Offices est partenaire du projet \u00ab Ambassadeurs de l\u2019Art \u00bb.<\/p><p>Ce projet a le double objectif de former les \u00e9l\u00e8ves\u200b de Florence \u200b\u00e0 la connaissance du patrimoine artistique de leur ville et de pr\u00e9senter ce patrimoine aux touristes italiens et \u00e9trangers en visite.<\/p><p>Les \u00e9l\u00e8ves sont form\u00e9\u200bs\u200b directement par le d\u00e9partement didactique, \u200blors des \u200bcours qui leur dispensent les informations et les instruments n\u00e9cessaires et ad\u00e9quats \u200bpour \u200b\u200b \u00bbs\u2019habiller \u00bb en guides\u200b,\u200b \u200b\u00e0 titre gracieux, en italien \u200bou dans les autres langues \u200benseign\u00e9es \u00e0 l\u2019\u00e9cole, \u200bdans 24 mus\u00e9es et lieu\u200bx de la culture florentine et du territoire.<\/p><p>\u00a0<\/p>\t\t\t\t\t\t\t\t<\/div>\n\t\t\t\t<\/div>\n\t\t<div class=\"elementor-element elementor-element-1ba325b e-con-full e-flex e-con e-child\" data-id=\"1ba325b\" data-element_type=\"container\" data-e-type=\"container\">\n\t\t\t\t<div class=\"elementor-element elementor-element-99a3ecc elementor-widget elementor-widget-image\" data-id=\"99a3ecc\" data-element_type=\"widget\" data-e-type=\"widget\" data-widget_type=\"image.default\">\n\t\t\t\t\t\t\t\t\t\t\t\t\t\t\t<img fetchpriority=\"high\" decoding=\"async\" width=\"800\" height=\"534\" src=\"https:\/\/wwwvhugo.dev2.mlfmonde.org\/wp-content\/uploads\/2025\/05\/IMG-20170615-WA0013-copia.jpg\" class=\"attachment-large size-large wp-image-407\" alt=\"\" srcset=\"https:\/\/wwwvhugo.dev2.mlfmonde.org\/wp-content\/uploads\/2025\/05\/IMG-20170615-WA0013-copia.jpg 988w, https:\/\/wwwvhugo.dev2.mlfmonde.org\/wp-content\/uploads\/2025\/05\/IMG-20170615-WA0013-copia-300x200.jpg 300w, https:\/\/wwwvhugo.dev2.mlfmonde.org\/wp-content\/uploads\/2025\/05\/IMG-20170615-WA0013-copia-768x512.jpg 768w, https:\/\/wwwvhugo.dev2.mlfmonde.org\/wp-content\/uploads\/2025\/05\/IMG-20170615-WA0013-copia-18x12.jpg 18w\" sizes=\"(max-width: 800px) 100vw, 800px\" \/>\t\t\t\t\t\t\t\t\t\t\t\t\t\t\t<\/div>\n\t\t\t\t<div class=\"elementor-element elementor-element-fabf7ee elementor-widget elementor-widget-image\" data-id=\"fabf7ee\" data-element_type=\"widget\" data-e-type=\"widget\" data-widget_type=\"image.default\">\n\t\t\t\t\t\t\t\t\t\t\t\t\t\t\t<img decoding=\"async\" width=\"800\" height=\"534\" src=\"https:\/\/wwwvhugo.dev2.mlfmonde.org\/wp-content\/uploads\/2025\/05\/IMG-20170615-WA0014.jpg\" class=\"attachment-large size-large wp-image-406\" alt=\"\" srcset=\"https:\/\/wwwvhugo.dev2.mlfmonde.org\/wp-content\/uploads\/2025\/05\/IMG-20170615-WA0014.jpg 898w, https:\/\/wwwvhugo.dev2.mlfmonde.org\/wp-content\/uploads\/2025\/05\/IMG-20170615-WA0014-300x200.jpg 300w, https:\/\/wwwvhugo.dev2.mlfmonde.org\/wp-content\/uploads\/2025\/05\/IMG-20170615-WA0014-768x512.jpg 768w, https:\/\/wwwvhugo.dev2.mlfmonde.org\/wp-content\/uploads\/2025\/05\/IMG-20170615-WA0014-18x12.jpg 18w\" sizes=\"(max-width: 800px) 100vw, 800px\" \/>\t\t\t\t\t\t\t\t\t\t\t\t\t\t\t<\/div>\n\t\t\t\t<\/div>\n\t\t\t\t\t<\/div>\n\t\t\t\t<\/div>\n\t\t<div class=\"elementor-element elementor-element-3dfb304 e-flex e-con-boxed e-con e-parent\" data-id=\"3dfb304\" data-element_type=\"container\" data-e-type=\"container\">\n\t\t\t\t\t<div class=\"e-con-inner\">\n\t\t\t\t<div class=\"elementor-element elementor-element-9c63c6d elementor-widget elementor-widget-text-editor\" data-id=\"9c63c6d\" data-element_type=\"widget\" data-e-type=\"widget\" data-widget_type=\"text-editor.default\">\n\t\t\t\t\t\t\t\t\t<p>En plus des habituelles visites guid\u00e9es, gratuites, dans leur \u00e9tablissement scolaire, de grande importance historique et artistique pour le patrimoine florentin, les \u00e9l\u00e8ves du lyc\u00e9e Victor Hugo pr\u00e9sentent aussi le C\u00e9nacle d\u2019Ognissanti, \u00e0 l\u2019int\u00e9rieur des lieux qui portent le m\u00eame nom, sur la piazza Ognissanti.<\/p><p><strong>Les visites guid\u00e9es gratuites du site monastique ont lieu chaque lundi de juin et septembre de 9h00 \u00e0 13h00.<\/strong><\/p>\t\t\t\t\t\t\t\t<\/div>\n\t\t\t\t\t<\/div>\n\t\t\t\t<\/div>\n\t\t\t\t<\/div>","protected":false},"excerpt":{"rendered":"<p>Le lyc\u00e9e Victor Hugo de Florence avec le d\u00e9partement didactique du P\u00f4le Mus\u00e9al de la Galerie des Offices est partenaire du projet \u00ab Ambassadeurs de l\u2019Art \u00bb. Ce projet a le double objectif de former les \u00e9l\u00e8ves\u200b de Florence \u200b\u00e0 la connaissance du patrimoine artistique de leur ville et de pr\u00e9senter ce patrimoine aux touristes [&hellip;]<\/p>\n","protected":false},"author":1,"featured_media":0,"parent":334,"menu_order":0,"comment_status":"closed","ping_status":"closed","template":"","meta":{"footnotes":""},"class_list":["post-404","page","type-page","status-publish","hentry"],"_links":{"self":[{"href":"https:\/\/wwwvhugo.dev2.mlfmonde.org\/it\/wp-json\/wp\/v2\/pages\/404","targetHints":{"allow":["GET"]}}],"collection":[{"href":"https:\/\/wwwvhugo.dev2.mlfmonde.org\/it\/wp-json\/wp\/v2\/pages"}],"about":[{"href":"https:\/\/wwwvhugo.dev2.mlfmonde.org\/it\/wp-json\/wp\/v2\/types\/page"}],"author":[{"embeddable":true,"href":"https:\/\/wwwvhugo.dev2.mlfmonde.org\/it\/wp-json\/wp\/v2\/users\/1"}],"replies":[{"embeddable":true,"href":"https:\/\/wwwvhugo.dev2.mlfmonde.org\/it\/wp-json\/wp\/v2\/comments?post=404"}],"version-history":[{"count":7,"href":"https:\/\/wwwvhugo.dev2.mlfmonde.org\/it\/wp-json\/wp\/v2\/pages\/404\/revisions"}],"predecessor-version":[{"id":561,"href":"https:\/\/wwwvhugo.dev2.mlfmonde.org\/it\/wp-json\/wp\/v2\/pages\/404\/revisions\/561"}],"up":[{"embeddable":true,"href":"https:\/\/wwwvhugo.dev2.mlfmonde.org\/it\/wp-json\/wp\/v2\/pages\/334"}],"wp:attachment":[{"href":"https:\/\/wwwvhugo.dev2.mlfmonde.org\/it\/wp-json\/wp\/v2\/media?parent=404"}],"curies":[{"name":"wp","href":"https:\/\/api.w.org\/{rel}","templated":true}]}}